{"id":605,"date":"2018-06-24T15:19:16","date_gmt":"2018-06-24T13:19:16","guid":{"rendered":"https:\/\/wesel-bocholt.rotaract.de\/?page_id=605"},"modified":"2023-06-27T13:24:01","modified_gmt":"2023-06-27T11:24:01","slug":"startseite","status":"publish","type":"page","link":"https:\/\/wesel-bocholt.rotaract.de\/","title":{"rendered":"LIEBE FREUNDE DES ROTARACT CLUB Wesel-Bocholt,"},"content":{"rendered":"<div class=\"post-content\">\n<header class=\"entry-header\">\n<section class=\"av_textblock_section \">\n<div class=\"avia_textblock  \">\n<p style=\"text-align: center;\">Wir freuen uns, dass Du hierher gefunden hast.<\/p>\n<\/div>\n<\/section>\n<section class=\"av_textblock_section \">\n<div class=\"avia_textblock  \">\n<p style=\"text-align: center;\">Im Rotaract Club Wesel-Bocholt engagieren sich nun schon seit \u00fcber 10 Jahren junge Menschen ehrenamtlich f\u00fcr soziale Projekte in Wesel, Bocholt und Umgebung.<\/p>\n<\/div>\n<\/section>\n<section class=\"av_textblock_section \">\n<div class=\"avia_textblock  \">\n<p style=\"text-align: center;\">Wenn Du mehr \u00fcber unsere aktuellen Aktionen wissen willst, dann besuche uns auf <a href=\"https:\/\/www.facebook.com\/RAC.Wesel.Bocholt\">Facebook<\/a> oder <a href=\"https:\/\/www.instagram.com\/racweselbocholt\/\">Instagram<\/a>.<br>Wir laden Dich herzlich ein, unsere Seite zu erkunden und mehr \u00fcber unseren <a href=\"https:\/\/wesel-bocholt.rotaract.de\/unser-club\/\">Club<\/a> und \u00fcber <a href=\"https:\/\/wesel-bocholt.rotaract.de\/was-ist-rotaract\/\">Rotaract<\/a> zu erfahren.<\/p>\n<\/div>\n<\/section>\n<p class=\"entry-title\" style=\"text-align: center;\">Zusammen f\u00fchren wir in unserem Club soziale Projekte in Wesel und Bocholt durch, h\u00f6ren spannende Vortr\u00e4ge zu den verschiedensten Themen und feiern gemeinsam mit alten und neuen Freunden.<\/p>\n<p class=\"entry-title\" style=\"text-align: center;\">Was Rotaract ausmacht, ist schwer zu sagen, denn Rotaract muss man erleben!<\/p>\n<p class=\"entry-title\" style=\"text-align: center;\">Sollten wir Dein Interesse geweckt haben, z\u00f6gere bitte nicht, mit uns <a href=\"https:\/\/wesel-bocholt.rotaract.de\/kontakt\/\">Kontakt<\/a> aufzunehmen und uns zu besuchen! Die n\u00e4chste Gelegenheit, vorbeizuschauen und uns ganz unverbindlich kennenzulernen, findest du <a href=\"https:\/\/wesel-bocholt.rotaract.de\/veranstaltungen\/\">hier<\/a>.<\/p>\n<p class=\"entry-title\" style=\"text-align: center;\">Wir freuen uns auf Dich!<\/p>\n<\/header>\n<\/div>\n<p style=\"text-align: center;\"><\/p>\n\n<div class=\"wp-block-image is-style-default\">\n<figure class=\"aligncenter size-full is-resized\"><img decoding=\"async\" src=\"https:\/\/wesel-bocholt.rotaract.de\/wp-content\/uploads\/sites\/199\/2023\/06\/http_2F2Fwesel-bocholt.rotaract.de2Fwp-content2Fuploads2Fsites2F1992F20182F052FLogoMitSkyline-300x125-1.png\" alt=\"\" class=\"wp-image-1075\" width=\"468\" height=\"195\" srcset=\"https:\/\/wesel-bocholt.rotaract.de\/wp-content\/uploads\/sites\/199\/2023\/06\/http_2F2Fwesel-bocholt.rotaract.de2Fwp-content2Fuploads2Fsites2F1992F20182F052FLogoMitSkyline-300x125-1.png 936w, https:\/\/wesel-bocholt.rotaract.de\/wp-content\/uploads\/sites\/199\/2023\/06\/http_2F2Fwesel-bocholt.rotaract.de2Fwp-content2Fuploads2Fsites2F1992F20182F052FLogoMitSkyline-300x125-1-300x125.png 300w, https:\/\/wesel-bocholt.rotaract.de\/wp-content\/uploads\/sites\/199\/2023\/06\/http_2F2Fwesel-bocholt.rotaract.de2Fwp-content2Fuploads2Fsites2F1992F20182F052FLogoMitSkyline-300x125-1-768x320.png 768w\" sizes=\"(max-width: 468px) 100vw, 468px\" \/><\/figure>\n<\/div>","protected":false},"excerpt":{"rendered":"<p>Wir freuen uns, dass Du hierher gefunden hast. Im Rotaract Club Wesel-Bocholt engagieren sich nun schon seit \u00fcber 10 Jahren junge Menschen ehrenamtlich f\u00fcr soziale Projekte in Wesel, Bocholt und Umgebung. Wenn Du mehr \u00fcber unsere aktuellen Aktionen wissen willst, dann besuche uns auf Facebook oder Instagram.Wir laden Dich herzlich ein, unsere Seite zu erkunden &#8230; <a title=\"LIEBE FREUNDE DES ROTARACT CLUB Wesel-Bocholt,\" class=\"read-more\" href=\"https:\/\/wesel-bocholt.rotaract.de\/\" aria-label=\"Mehr Informationen \u00fcber LIEBE FREUNDE DES ROTARACT CLUB Wesel-Bocholt,\">Weiterlesen<\/a><\/p>\n","protected":false},"author":173,"featured_media":0,"parent":0,"menu_order":0,"comment_status":"closed","ping_status":"closed","template":"","meta":{"footnotes":""},"class_list":["post-605","page","type-page","status-publish"],"yoast_head":"<!-- This site is optimized with the Yoast SEO plugin v27.4 - https:\/\/yoast.com\/product\/yoast-seo-wordpress\/ -->\n<title>LIEBE FREUNDE DES ROTARACT CLUB Wesel-Bocholt, - Rotaract Club Wesel-Bocholt<\/title>\n<meta name=\"robots\" content=\"index, follow, max-snippet:-1, max-image-preview:large, max-video-preview:-1\" \/>\n<link rel=\"canonical\" href=\"https:\/\/wesel-bocholt.rotaract.de\/\" \/>\n<meta property=\"og:locale\" content=\"de_DE\" \/>\n<meta property=\"og:type\" content=\"article\" \/>\n<meta property=\"og:title\" content=\"LIEBE FREUNDE DES ROTARACT CLUB Wesel-Bocholt, - Rotaract Club Wesel-Bocholt\" \/>\n<meta property=\"og:description\" content=\"Wir freuen uns, dass Du hierher gefunden hast. Im Rotaract Club Wesel-Bocholt engagieren sich nun schon seit \u00fcber 10 Jahren junge Menschen ehrenamtlich f\u00fcr soziale Projekte in Wesel, Bocholt und Umgebung. Wenn Du mehr \u00fcber unsere aktuellen Aktionen wissen willst, dann besuche uns auf Facebook oder Instagram.Wir laden Dich herzlich ein, unsere Seite zu erkunden ... Weiterlesen\" \/>\n<meta property=\"og:url\" content=\"https:\/\/wesel-bocholt.rotaract.de\/\" \/>\n<meta property=\"og:site_name\" content=\"Rotaract Club Wesel-Bocholt\" \/>\n<meta property=\"article:modified_time\" content=\"2023-06-27T11:24:01+00:00\" \/>\n<meta property=\"og:image\" content=\"https:\/\/wesel-bocholt.rotaract.de\/wp-content\/uploads\/sites\/199\/2023\/06\/http_2F2Fwesel-bocholt.rotaract.de2Fwp-content2Fuploads2Fsites2F1992F20182F052FLogoMitSkyline-300x125-1.png\" \/>\n<meta name=\"twitter:card\" content=\"summary_large_image\" \/>\n<meta name=\"twitter:label1\" content=\"Gesch\u00e4tzte Lesezeit\" \/>\n\t<meta name=\"twitter:data1\" content=\"1\u00a0Minute\" \/>\n<script type=\"application\/ld+json\" class=\"yoast-schema-graph\">{\"@context\":\"https:\\\/\\\/schema.org\",\"@graph\":[{\"@type\":\"WebPage\",\"@id\":\"https:\\\/\\\/wesel-bocholt.rotaract.de\\\/\",\"url\":\"https:\\\/\\\/wesel-bocholt.rotaract.de\\\/\",\"name\":\"LIEBE FREUNDE DES ROTARACT CLUB Wesel-Bocholt, - Rotaract Club Wesel-Bocholt\",\"isPartOf\":{\"@id\":\"https:\\\/\\\/wesel-bocholt.rotaract.de\\\/#website\"},\"primaryImageOfPage\":{\"@id\":\"https:\\\/\\\/wesel-bocholt.rotaract.de\\\/#primaryimage\"},\"image\":{\"@id\":\"https:\\\/\\\/wesel-bocholt.rotaract.de\\\/#primaryimage\"},\"thumbnailUrl\":\"https:\\\/\\\/wesel-bocholt.rotaract.de\\\/wp-content\\\/uploads\\\/sites\\\/199\\\/2023\\\/06\\\/http_2F2Fwesel-bocholt.rotaract.de2Fwp-content2Fuploads2Fsites2F1992F20182F052FLogoMitSkyline-300x125-1.png\",\"datePublished\":\"2018-06-24T13:19:16+00:00\",\"dateModified\":\"2023-06-27T11:24:01+00:00\",\"breadcrumb\":{\"@id\":\"https:\\\/\\\/wesel-bocholt.rotaract.de\\\/#breadcrumb\"},\"inLanguage\":\"de\",\"potentialAction\":[{\"@type\":\"ReadAction\",\"target\":[\"https:\\\/\\\/wesel-bocholt.rotaract.de\\\/\"]}]},{\"@type\":\"ImageObject\",\"inLanguage\":\"de\",\"@id\":\"https:\\\/\\\/wesel-bocholt.rotaract.de\\\/#primaryimage\",\"url\":\"https:\\\/\\\/wesel-bocholt.rotaract.de\\\/wp-content\\\/uploads\\\/sites\\\/199\\\/2023\\\/06\\\/http_2F2Fwesel-bocholt.rotaract.de2Fwp-content2Fuploads2Fsites2F1992F20182F052FLogoMitSkyline-300x125-1.png\",\"contentUrl\":\"https:\\\/\\\/wesel-bocholt.rotaract.de\\\/wp-content\\\/uploads\\\/sites\\\/199\\\/2023\\\/06\\\/http_2F2Fwesel-bocholt.rotaract.de2Fwp-content2Fuploads2Fsites2F1992F20182F052FLogoMitSkyline-300x125-1.png\",\"width\":936,\"height\":390},{\"@type\":\"BreadcrumbList\",\"@id\":\"https:\\\/\\\/wesel-bocholt.rotaract.de\\\/#breadcrumb\",\"itemListElement\":[{\"@type\":\"ListItem\",\"position\":1,\"name\":\"Startseite\",\"item\":\"https:\\\/\\\/wesel-bocholt.rotaract.de\\\/\"},{\"@type\":\"ListItem\",\"position\":2,\"name\":\"LIEBE FREUNDE DES ROTARACT CLUB Wesel-Bocholt,\"}]},{\"@type\":\"WebSite\",\"@id\":\"https:\\\/\\\/wesel-bocholt.rotaract.de\\\/#website\",\"url\":\"https:\\\/\\\/wesel-bocholt.rotaract.de\\\/\",\"name\":\"Rotaract Club Wesel-Bocholt\",\"description\":\"Lernen-Helfen-Feiern\",\"potentialAction\":[{\"@type\":\"SearchAction\",\"target\":{\"@type\":\"EntryPoint\",\"urlTemplate\":\"https:\\\/\\\/wesel-bocholt.rotaract.de\\\/?s={search_term_string}\"},\"query-input\":{\"@type\":\"PropertyValueSpecification\",\"valueRequired\":true,\"valueName\":\"search_term_string\"}}],\"inLanguage\":\"de\"}]}<\/script>\n<!-- \/ Yoast SEO plugin. -->","yoast_head_json":{"title":"LIEBE FREUNDE DES ROTARACT CLUB Wesel-Bocholt, - Rotaract Club Wesel-Bocholt","robots":{"index":"index","follow":"follow","max-snippet":"max-snippet:-1","max-image-preview":"max-image-preview:large","max-video-preview":"max-video-preview:-1"},"canonical":"https:\/\/wesel-bocholt.rotaract.de\/","og_locale":"de_DE","og_type":"article","og_title":"LIEBE FREUNDE DES ROTARACT CLUB Wesel-Bocholt, - Rotaract Club Wesel-Bocholt","og_description":"Wir freuen uns, dass Du hierher gefunden hast. Im Rotaract Club Wesel-Bocholt engagieren sich nun schon seit \u00fcber 10 Jahren junge Menschen ehrenamtlich f\u00fcr soziale Projekte in Wesel, Bocholt und Umgebung. Wenn Du mehr \u00fcber unsere aktuellen Aktionen wissen willst, dann besuche uns auf Facebook oder Instagram.Wir laden Dich herzlich ein, unsere Seite zu erkunden ... Weiterlesen","og_url":"https:\/\/wesel-bocholt.rotaract.de\/","og_site_name":"Rotaract Club Wesel-Bocholt","article_modified_time":"2023-06-27T11:24:01+00:00","og_image":[{"url":"https:\/\/wesel-bocholt.rotaract.de\/wp-content\/uploads\/sites\/199\/2023\/06\/http_2F2Fwesel-bocholt.rotaract.de2Fwp-content2Fuploads2Fsites2F1992F20182F052FLogoMitSkyline-300x125-1.png","type":"","width":"","height":""}],"twitter_card":"summary_large_image","twitter_misc":{"Gesch\u00e4tzte Lesezeit":"1\u00a0Minute"},"schema":{"@context":"https:\/\/schema.org","@graph":[{"@type":"WebPage","@id":"https:\/\/wesel-bocholt.rotaract.de\/","url":"https:\/\/wesel-bocholt.rotaract.de\/","name":"LIEBE FREUNDE DES ROTARACT CLUB Wesel-Bocholt, - Rotaract Club Wesel-Bocholt","isPartOf":{"@id":"https:\/\/wesel-bocholt.rotaract.de\/#website"},"primaryImageOfPage":{"@id":"https:\/\/wesel-bocholt.rotaract.de\/#primaryimage"},"image":{"@id":"https:\/\/wesel-bocholt.rotaract.de\/#primaryimage"},"thumbnailUrl":"https:\/\/wesel-bocholt.rotaract.de\/wp-content\/uploads\/sites\/199\/2023\/06\/http_2F2Fwesel-bocholt.rotaract.de2Fwp-content2Fuploads2Fsites2F1992F20182F052FLogoMitSkyline-300x125-1.png","datePublished":"2018-06-24T13:19:16+00:00","dateModified":"2023-06-27T11:24:01+00:00","breadcrumb":{"@id":"https:\/\/wesel-bocholt.rotaract.de\/#breadcrumb"},"inLanguage":"de","potentialAction":[{"@type":"ReadAction","target":["https:\/\/wesel-bocholt.rotaract.de\/"]}]},{"@type":"ImageObject","inLanguage":"de","@id":"https:\/\/wesel-bocholt.rotaract.de\/#primaryimage","url":"https:\/\/wesel-bocholt.rotaract.de\/wp-content\/uploads\/sites\/199\/2023\/06\/http_2F2Fwesel-bocholt.rotaract.de2Fwp-content2Fuploads2Fsites2F1992F20182F052FLogoMitSkyline-300x125-1.png","contentUrl":"https:\/\/wesel-bocholt.rotaract.de\/wp-content\/uploads\/sites\/199\/2023\/06\/http_2F2Fwesel-bocholt.rotaract.de2Fwp-content2Fuploads2Fsites2F1992F20182F052FLogoMitSkyline-300x125-1.png","width":936,"height":390},{"@type":"BreadcrumbList","@id":"https:\/\/wesel-bocholt.rotaract.de\/#breadcrumb","itemListElement":[{"@type":"ListItem","position":1,"name":"Startseite","item":"https:\/\/wesel-bocholt.rotaract.de\/"},{"@type":"ListItem","position":2,"name":"LIEBE FREUNDE DES ROTARACT CLUB Wesel-Bocholt,"}]},{"@type":"WebSite","@id":"https:\/\/wesel-bocholt.rotaract.de\/#website","url":"https:\/\/wesel-bocholt.rotaract.de\/","name":"Rotaract Club Wesel-Bocholt","description":"Lernen-Helfen-Feiern","potentialAction":[{"@type":"SearchAction","target":{"@type":"EntryPoint","urlTemplate":"https:\/\/wesel-bocholt.rotaract.de\/?s={search_term_string}"},"query-input":{"@type":"PropertyValueSpecification","valueRequired":true,"valueName":"search_term_string"}}],"inLanguage":"de"}]}},"_links":{"self":[{"href":"https:\/\/wesel-bocholt.rotaract.de\/index.php?rest_route=\/wp\/v2\/pages\/605","targetHints":{"allow":["GET"]}}],"collection":[{"href":"https:\/\/wesel-bocholt.rotaract.de\/index.php?rest_route=\/wp\/v2\/pages"}],"about":[{"href":"https:\/\/wesel-bocholt.rotaract.de\/index.php?rest_route=\/wp\/v2\/types\/page"}],"author":[{"embeddable":true,"href":"https:\/\/wesel-bocholt.rotaract.de\/index.php?rest_route=\/wp\/v2\/users\/173"}],"replies":[{"embeddable":true,"href":"https:\/\/wesel-bocholt.rotaract.de\/index.php?rest_route=%2Fwp%2Fv2%2Fcomments&post=605"}],"version-history":[{"count":3,"href":"https:\/\/wesel-bocholt.rotaract.de\/index.php?rest_route=\/wp\/v2\/pages\/605\/revisions"}],"predecessor-version":[{"id":1081,"href":"https:\/\/wesel-bocholt.rotaract.de\/index.php?rest_route=\/wp\/v2\/pages\/605\/revisions\/1081"}],"wp:attachment":[{"href":"https:\/\/wesel-bocholt.rotaract.de\/index.php?rest_route=%2Fwp%2Fv2%2Fmedia&parent=605"}],"curies":[{"name":"wp","href":"https:\/\/api.w.org\/{rel}","templated":true}]}}