{"id":561,"date":"2018-05-11T14:54:23","date_gmt":"2018-05-11T12:54:23","guid":{"rendered":"https:\/\/wesel-bocholt.rotaract.de\/?page_id=561"},"modified":"2023-02-09T14:10:14","modified_gmt":"2023-02-09T13:10:14","slug":"charter","status":"publish","type":"page","link":"https:\/\/wesel-bocholt.rotaract.de\/?page_id=561","title":{"rendered":"5-Jahres Charterfeier 2018"},"content":{"rendered":"<h3><img decoding=\"async\" class=\"alignleft size-medium wp-image-575\" src=\"http:\/\/wesel-bocholt.rotaract.de\/wp-content\/uploads\/sites\/199\/2018\/05\/LogoMitSkyline-300x125.png\" alt=\"\" width=\"300\" height=\"125\" srcset=\"https:\/\/wesel-bocholt.rotaract.de\/wp-content\/uploads\/sites\/199\/2018\/05\/LogoMitSkyline-300x125.png 300w, https:\/\/wesel-bocholt.rotaract.de\/wp-content\/uploads\/sites\/199\/2018\/05\/LogoMitSkyline-768x320.png 768w, https:\/\/wesel-bocholt.rotaract.de\/wp-content\/uploads\/sites\/199\/2018\/05\/LogoMitSkyline-1024x426.png 1024w, https:\/\/wesel-bocholt.rotaract.de\/wp-content\/uploads\/sites\/199\/2018\/05\/LogoMitSkyline.png 2001w\" sizes=\"(max-width: 300px) 100vw, 300px\" \/>A riesn H\u00fcttengaudi!<\/h3>\n<p>So, jetz wiad der Rotaract Club Wesel Bocholt 5 Jahr und i kanns zwoa ned glaum owa i find&#8217;s guad. Oisso lossts uns zusaumman feian. Ziagts eich Deandl und lederhosn o und kommt&#8217;s zur riesn H\u00fcttengaudi.<\/p>\n<p>&nbsp;<\/p>\n<p>Am 14.09.2018 haben wir ab 19 Uhr im <a href=\"https:\/\/www.landhotel.de\/de\/essen\/ernst-august-huette\/\">Landhotel Vosh\u00f6vel<\/a> in einer rustikalen H\u00fctte gefeiert mit tollen Flair.<\/p>\n<p>Unsere Charter war der Auftakt f\u00fcr die Distriktkonferenz unseres Distrikts 1870 am n\u00e4chsten Tag.<\/p>\n<p>Bei einem Bier- und Sektempfang konnte man alte Freunde wiedersehen und neue Freunde kennen lernen.<\/p>\n<p>Anschlie\u00dfend wurden ein paar Reden gehalten unter anderem von unseren Rotary-Partnern, Governor Ralf Esser und von unserem Distriktsprecher Sebastian Stierle.<\/p>\n<p>F\u00fcr ausgelassene Stimmung sorgte schon von Beginn an der Beatboxer Chezame!!<\/p>\n<p>Der Schulzirkus Butterfly hat verschiedene Shows vorgef\u00fchrt und vor allem die Feuershow im Dunkeln war ein Highlight.<\/p>\n<p>Nat\u00fcrlich wurde ausgelassen gefeiert, getanzt und gelacht!!<\/p>\n<div id='gallery-1' class='gallery galleryid-561 gallery-columns-3 gallery-size-thumbnail'><figure class='gallery-item'>\n\t\t\t<div class='gallery-icon landscape'>\n\t\t\t\t<a href='https:\/\/wesel-bocholt.rotaract.de\/?attachment_id=756#main'><img decoding=\"async\" width=\"150\" height=\"150\" src=\"https:\/\/wesel-bocholt.rotaract.de\/wp-content\/uploads\/sites\/199\/2018\/09\/DSC_0050-150x150.jpg\" class=\"attachment-thumbnail size-thumbnail\" alt=\"\" \/><\/a>\n\t\t\t<\/div><\/figure><figure class='gallery-item'>\n\t\t\t<div class='gallery-icon portrait'>\n\t\t\t\t<a href='https:\/\/wesel-bocholt.rotaract.de\/?attachment_id=757#main'><img decoding=\"async\" width=\"150\" height=\"150\" src=\"https:\/\/wesel-bocholt.rotaract.de\/wp-content\/uploads\/sites\/199\/2018\/09\/DSC_0207-150x150.jpg\" class=\"attachment-thumbnail size-thumbnail\" alt=\"\" \/><\/a>\n\t\t\t<\/div><\/figure><figure class='gallery-item'>\n\t\t\t<div class='gallery-icon portrait'>\n\t\t\t\t<a href='https:\/\/wesel-bocholt.rotaract.de\/?attachment_id=758#main'><img decoding=\"async\" width=\"150\" height=\"150\" src=\"https:\/\/wesel-bocholt.rotaract.de\/wp-content\/uploads\/sites\/199\/2018\/09\/DSC_0252-150x150.jpg\" class=\"attachment-thumbnail size-thumbnail\" alt=\"\" \/><\/a>\n\t\t\t<\/div><\/figure><figure class='gallery-item'>\n\t\t\t<div class='gallery-icon landscape'>\n\t\t\t\t<a href='https:\/\/wesel-bocholt.rotaract.de\/?attachment_id=759#main'><img decoding=\"async\" width=\"150\" height=\"150\" src=\"https:\/\/wesel-bocholt.rotaract.de\/wp-content\/uploads\/sites\/199\/2018\/09\/DSC_0262-150x150.jpg\" class=\"attachment-thumbnail size-thumbnail\" alt=\"\" \/><\/a>\n\t\t\t<\/div><\/figure><figure class='gallery-item'>\n\t\t\t<div class='gallery-icon portrait'>\n\t\t\t\t<a href='https:\/\/wesel-bocholt.rotaract.de\/?attachment_id=761#main'><img decoding=\"async\" width=\"150\" height=\"150\" src=\"https:\/\/wesel-bocholt.rotaract.de\/wp-content\/uploads\/sites\/199\/2018\/09\/DSC_0154-150x150.jpg\" class=\"attachment-thumbnail size-thumbnail\" alt=\"\" \/><\/a>\n\t\t\t<\/div><\/figure>\n\t\t<\/div>\n\n","protected":false},"excerpt":{"rendered":"<p>A riesn H\u00fcttengaudi! So, jetz wiad der Rotaract Club Wesel Bocholt 5 Jahr und i kanns zwoa ned glaum owa i find&#8217;s guad. Oisso lossts uns zusaumman feian. Ziagts eich Deandl und lederhosn o und kommt&#8217;s zur riesn H\u00fcttengaudi. &nbsp; Am 14.09.2018 haben wir ab 19 Uhr im Landhotel Vosh\u00f6vel in einer rustikalen H\u00fctte gefeiert &#8230; <a title=\"5-Jahres Charterfeier 2018\" class=\"read-more\" href=\"https:\/\/wesel-bocholt.rotaract.de\/?page_id=561\" aria-label=\"Mehr Informationen \u00fcber 5-Jahres Charterfeier 2018\">Weiterlesen<\/a><\/p>\n","protected":false},"author":173,"featured_media":0,"parent":0,"menu_order":0,"comment_status":"closed","ping_status":"closed","template":"","meta":{"footnotes":""},"class_list":["post-561","page","type-page","status-publish"],"yoast_head":"<!-- This site is optimized with the Yoast SEO plugin v27.4 - https:\/\/yoast.com\/product\/yoast-seo-wordpress\/ -->\n<title>5-Jahres Charterfeier 2018 - Rotaract Club Wesel-Bocholt<\/title>\n<meta name=\"robots\" content=\"index, follow, max-snippet:-1, max-image-preview:large, max-video-preview:-1\" \/>\n<link rel=\"canonical\" href=\"https:\/\/wesel-bocholt.rotaract.de\/?page_id=561\" \/>\n<meta property=\"og:locale\" content=\"de_DE\" \/>\n<meta property=\"og:type\" content=\"article\" \/>\n<meta property=\"og:title\" content=\"5-Jahres Charterfeier 2018 - Rotaract Club Wesel-Bocholt\" \/>\n<meta property=\"og:description\" content=\"A riesn H\u00fcttengaudi! So, jetz wiad der Rotaract Club Wesel Bocholt 5 Jahr und i kanns zwoa ned glaum owa i find&#8217;s guad. Oisso lossts uns zusaumman feian. Ziagts eich Deandl und lederhosn o und kommt&#8217;s zur riesn H\u00fcttengaudi. &nbsp; Am 14.09.2018 haben wir ab 19 Uhr im Landhotel Vosh\u00f6vel in einer rustikalen H\u00fctte gefeiert ... Weiterlesen\" \/>\n<meta property=\"og:url\" content=\"https:\/\/wesel-bocholt.rotaract.de\/?page_id=561\" \/>\n<meta property=\"og:site_name\" content=\"Rotaract Club Wesel-Bocholt\" \/>\n<meta property=\"article:modified_time\" content=\"2023-02-09T13:10:14+00:00\" \/>\n<meta property=\"og:image\" content=\"https:\/\/wesel-bocholt.rotaract.de\/wp-content\/uploads\/sites\/199\/2018\/09\/DSC_0050-150x150.jpg\" \/>\n<meta name=\"twitter:card\" content=\"summary_large_image\" \/>\n<meta name=\"twitter:label1\" content=\"Gesch\u00e4tzte Lesezeit\" \/>\n\t<meta name=\"twitter:data1\" content=\"1\u00a0Minute\" \/>\n<script type=\"application\/ld+json\" class=\"yoast-schema-graph\">{\"@context\":\"https:\\\/\\\/schema.org\",\"@graph\":[{\"@type\":\"WebPage\",\"@id\":\"https:\\\/\\\/wesel-bocholt.rotaract.de\\\/?page_id=561\",\"url\":\"https:\\\/\\\/wesel-bocholt.rotaract.de\\\/?page_id=561\",\"name\":\"5-Jahres Charterfeier 2018 - Rotaract Club Wesel-Bocholt\",\"isPartOf\":{\"@id\":\"https:\\\/\\\/wesel-bocholt.rotaract.de\\\/#website\"},\"primaryImageOfPage\":{\"@id\":\"https:\\\/\\\/wesel-bocholt.rotaract.de\\\/?page_id=561#primaryimage\"},\"image\":{\"@id\":\"https:\\\/\\\/wesel-bocholt.rotaract.de\\\/?page_id=561#primaryimage\"},\"thumbnailUrl\":\"http:\\\/\\\/wesel-bocholt.rotaract.de\\\/wp-content\\\/uploads\\\/sites\\\/199\\\/2018\\\/05\\\/LogoMitSkyline-300x125.png\",\"datePublished\":\"2018-05-11T12:54:23+00:00\",\"dateModified\":\"2023-02-09T13:10:14+00:00\",\"breadcrumb\":{\"@id\":\"https:\\\/\\\/wesel-bocholt.rotaract.de\\\/?page_id=561#breadcrumb\"},\"inLanguage\":\"de\",\"potentialAction\":[{\"@type\":\"ReadAction\",\"target\":[\"https:\\\/\\\/wesel-bocholt.rotaract.de\\\/?page_id=561\"]}]},{\"@type\":\"ImageObject\",\"inLanguage\":\"de\",\"@id\":\"https:\\\/\\\/wesel-bocholt.rotaract.de\\\/?page_id=561#primaryimage\",\"url\":\"http:\\\/\\\/wesel-bocholt.rotaract.de\\\/wp-content\\\/uploads\\\/sites\\\/199\\\/2018\\\/05\\\/LogoMitSkyline-300x125.png\",\"contentUrl\":\"http:\\\/\\\/wesel-bocholt.rotaract.de\\\/wp-content\\\/uploads\\\/sites\\\/199\\\/2018\\\/05\\\/LogoMitSkyline-300x125.png\"},{\"@type\":\"BreadcrumbList\",\"@id\":\"https:\\\/\\\/wesel-bocholt.rotaract.de\\\/?page_id=561#breadcrumb\",\"itemListElement\":[{\"@type\":\"ListItem\",\"position\":1,\"name\":\"Startseite\",\"item\":\"https:\\\/\\\/wesel-bocholt.rotaract.de\\\/\"},{\"@type\":\"ListItem\",\"position\":2,\"name\":\"5-Jahres Charterfeier 2018\"}]},{\"@type\":\"WebSite\",\"@id\":\"https:\\\/\\\/wesel-bocholt.rotaract.de\\\/#website\",\"url\":\"https:\\\/\\\/wesel-bocholt.rotaract.de\\\/\",\"name\":\"Rotaract Club Wesel-Bocholt\",\"description\":\"Lernen-Helfen-Feiern\",\"potentialAction\":[{\"@type\":\"SearchAction\",\"target\":{\"@type\":\"EntryPoint\",\"urlTemplate\":\"https:\\\/\\\/wesel-bocholt.rotaract.de\\\/?s={search_term_string}\"},\"query-input\":{\"@type\":\"PropertyValueSpecification\",\"valueRequired\":true,\"valueName\":\"search_term_string\"}}],\"inLanguage\":\"de\"}]}<\/script>\n<!-- \/ Yoast SEO plugin. -->","yoast_head_json":{"title":"5-Jahres Charterfeier 2018 - Rotaract Club Wesel-Bocholt","robots":{"index":"index","follow":"follow","max-snippet":"max-snippet:-1","max-image-preview":"max-image-preview:large","max-video-preview":"max-video-preview:-1"},"canonical":"https:\/\/wesel-bocholt.rotaract.de\/?page_id=561","og_locale":"de_DE","og_type":"article","og_title":"5-Jahres Charterfeier 2018 - Rotaract Club Wesel-Bocholt","og_description":"A riesn H\u00fcttengaudi! So, jetz wiad der Rotaract Club Wesel Bocholt 5 Jahr und i kanns zwoa ned glaum owa i find&#8217;s guad. Oisso lossts uns zusaumman feian. Ziagts eich Deandl und lederhosn o und kommt&#8217;s zur riesn H\u00fcttengaudi. &nbsp; Am 14.09.2018 haben wir ab 19 Uhr im Landhotel Vosh\u00f6vel in einer rustikalen H\u00fctte gefeiert ... Weiterlesen","og_url":"https:\/\/wesel-bocholt.rotaract.de\/?page_id=561","og_site_name":"Rotaract Club Wesel-Bocholt","article_modified_time":"2023-02-09T13:10:14+00:00","og_image":[{"url":"https:\/\/wesel-bocholt.rotaract.de\/wp-content\/uploads\/sites\/199\/2018\/09\/DSC_0050-150x150.jpg","type":"","width":"","height":""}],"twitter_card":"summary_large_image","twitter_misc":{"Gesch\u00e4tzte Lesezeit":"1\u00a0Minute"},"schema":{"@context":"https:\/\/schema.org","@graph":[{"@type":"WebPage","@id":"https:\/\/wesel-bocholt.rotaract.de\/?page_id=561","url":"https:\/\/wesel-bocholt.rotaract.de\/?page_id=561","name":"5-Jahres Charterfeier 2018 - Rotaract Club Wesel-Bocholt","isPartOf":{"@id":"https:\/\/wesel-bocholt.rotaract.de\/#website"},"primaryImageOfPage":{"@id":"https:\/\/wesel-bocholt.rotaract.de\/?page_id=561#primaryimage"},"image":{"@id":"https:\/\/wesel-bocholt.rotaract.de\/?page_id=561#primaryimage"},"thumbnailUrl":"http:\/\/wesel-bocholt.rotaract.de\/wp-content\/uploads\/sites\/199\/2018\/05\/LogoMitSkyline-300x125.png","datePublished":"2018-05-11T12:54:23+00:00","dateModified":"2023-02-09T13:10:14+00:00","breadcrumb":{"@id":"https:\/\/wesel-bocholt.rotaract.de\/?page_id=561#breadcrumb"},"inLanguage":"de","potentialAction":[{"@type":"ReadAction","target":["https:\/\/wesel-bocholt.rotaract.de\/?page_id=561"]}]},{"@type":"ImageObject","inLanguage":"de","@id":"https:\/\/wesel-bocholt.rotaract.de\/?page_id=561#primaryimage","url":"http:\/\/wesel-bocholt.rotaract.de\/wp-content\/uploads\/sites\/199\/2018\/05\/LogoMitSkyline-300x125.png","contentUrl":"http:\/\/wesel-bocholt.rotaract.de\/wp-content\/uploads\/sites\/199\/2018\/05\/LogoMitSkyline-300x125.png"},{"@type":"BreadcrumbList","@id":"https:\/\/wesel-bocholt.rotaract.de\/?page_id=561#breadcrumb","itemListElement":[{"@type":"ListItem","position":1,"name":"Startseite","item":"https:\/\/wesel-bocholt.rotaract.de\/"},{"@type":"ListItem","position":2,"name":"5-Jahres Charterfeier 2018"}]},{"@type":"WebSite","@id":"https:\/\/wesel-bocholt.rotaract.de\/#website","url":"https:\/\/wesel-bocholt.rotaract.de\/","name":"Rotaract Club Wesel-Bocholt","description":"Lernen-Helfen-Feiern","potentialAction":[{"@type":"SearchAction","target":{"@type":"EntryPoint","urlTemplate":"https:\/\/wesel-bocholt.rotaract.de\/?s={search_term_string}"},"query-input":{"@type":"PropertyValueSpecification","valueRequired":true,"valueName":"search_term_string"}}],"inLanguage":"de"}]}},"_links":{"self":[{"href":"https:\/\/wesel-bocholt.rotaract.de\/index.php?rest_route=\/wp\/v2\/pages\/561","targetHints":{"allow":["GET"]}}],"collection":[{"href":"https:\/\/wesel-bocholt.rotaract.de\/index.php?rest_route=\/wp\/v2\/pages"}],"about":[{"href":"https:\/\/wesel-bocholt.rotaract.de\/index.php?rest_route=\/wp\/v2\/types\/page"}],"author":[{"embeddable":true,"href":"https:\/\/wesel-bocholt.rotaract.de\/index.php?rest_route=\/wp\/v2\/users\/173"}],"replies":[{"embeddable":true,"href":"https:\/\/wesel-bocholt.rotaract.de\/index.php?rest_route=%2Fwp%2Fv2%2Fcomments&post=561"}],"version-history":[{"count":1,"href":"https:\/\/wesel-bocholt.rotaract.de\/index.php?rest_route=\/wp\/v2\/pages\/561\/revisions"}],"predecessor-version":[{"id":985,"href":"https:\/\/wesel-bocholt.rotaract.de\/index.php?rest_route=\/wp\/v2\/pages\/561\/revisions\/985"}],"wp:attachment":[{"href":"https:\/\/wesel-bocholt.rotaract.de\/index.php?rest_route=%2Fwp%2Fv2%2Fmedia&parent=561"}],"curies":[{"name":"wp","href":"https:\/\/api.w.org\/{rel}","templated":true}]}}