{"id":56,"date":"2015-06-30T08:43:39","date_gmt":"2015-06-30T06:43:39","guid":{"rendered":"http:\/\/wesel-bocholt.rotaract.de\/?page_id=56"},"modified":"2024-06-20T12:20:29","modified_gmt":"2024-06-20T10:20:29","slug":"unsere-partnerclubs","status":"publish","type":"page","link":"https:\/\/wesel-bocholt.rotaract.de\/?page_id=56","title":{"rendered":"Rotary Partnerclubs"},"content":{"rendered":"<p>Seit unserer Gr\u00fcndung 2012 haben wir drei Rotary Clubs als unsere Partner, die uns seit Jahren unterst\u00fctzen. Wir besuchen uns regelm\u00e4\u00dfig gegenseitig und f\u00fchren gemeinsam Aktionen durch. Es hat sich eine inzwischen langj\u00e4hrige Freundschaft gebildet. Vor allem zu unseren Paten: Max Trapp (RC Wesel-Dinslaken), Martina Terfurth (RC Bocholt) und Ute Liman (RC Lippe-Issel).<\/p>\n<p><strong>Rotary Club Wesel Dinslaken:<\/strong><br \/>\n<a href=\"http:\/\/www.rc-wesel-dinslaken.de\/\" target=\"_blank\" rel=\"noopener noreferrer\">http:\/\/www.rc-wesel-dinslaken.de\/<\/a><\/p>\n<p><strong>Rotary Club Bocholt:<\/strong><br \/>\n<a href=\"http:\/\/www.rotary-bocholt.de\/\" target=\"_blank\" rel=\"noopener noreferrer\">http:\/\/www.rotary-bocholt.de\/<\/a><\/p>\n<p><strong>Rotary Club Lippe-Issel:<\/strong><br \/>\n<a href=\"http:\/\/www.rc-lippe-issel.org\" target=\"_blank\" rel=\"noopener noreferrer\">http:\/\/www.rc-lippe-issel.org<\/a><\/p>\n<p><img decoding=\"async\" class=\"aligncenter wp-image-981 size-full\" src=\"https:\/\/wesel-bocholt.rotaract.de\/wp-content\/uploads\/sites\/199\/2023\/02\/RCLogo.svg_-e1675947369275.png\" alt=\"\" width=\"392\" height=\"192\" srcset=\"https:\/\/wesel-bocholt.rotaract.de\/wp-content\/uploads\/sites\/199\/2023\/02\/RCLogo.svg_-e1675947369275.png 392w, https:\/\/wesel-bocholt.rotaract.de\/wp-content\/uploads\/sites\/199\/2023\/02\/RCLogo.svg_-e1675947369275-300x147.png 300w\" sizes=\"(max-width: 392px) 100vw, 392px\" \/><\/p>\n<p>Hier ein paar Eindr\u00fccke von unseren gemeinsamen Aktionen:<\/p>\n<div id='gallery-1' class='gallery galleryid-56 gallery-columns-3 gallery-size-thumbnail'><figure class='gallery-item'>\n\t\t\t<div class='gallery-icon landscape'>\n\t\t\t\t<a href='https:\/\/wesel-bocholt.rotaract.de\/?attachment_id=1059#main'><img decoding=\"async\" width=\"150\" height=\"150\" src=\"https:\/\/wesel-bocholt.rotaract.de\/wp-content\/uploads\/sites\/199\/2023\/02\/Gruppenfoto4-1-150x150.jpg\" class=\"attachment-thumbnail size-thumbnail\" alt=\"\" \/><\/a>\n\t\t\t<\/div><\/figure><figure class='gallery-item'>\n\t\t\t<div class='gallery-icon landscape'>\n\t\t\t\t<a href='https:\/\/wesel-bocholt.rotaract.de\/?attachment_id=1043#main'><img decoding=\"async\" width=\"150\" height=\"150\" src=\"https:\/\/wesel-bocholt.rotaract.de\/wp-content\/uploads\/sites\/199\/2023\/02\/Ukraine-Hilfsprojekt-150x150.jpg\" class=\"attachment-thumbnail size-thumbnail\" alt=\"\" srcset=\"https:\/\/wesel-bocholt.rotaract.de\/wp-content\/uploads\/sites\/199\/2023\/02\/Ukraine-Hilfsprojekt-150x150.jpg 150w, https:\/\/wesel-bocholt.rotaract.de\/wp-content\/uploads\/sites\/199\/2023\/02\/Ukraine-Hilfsprojekt-300x300.jpg 300w, https:\/\/wesel-bocholt.rotaract.de\/wp-content\/uploads\/sites\/199\/2023\/02\/Ukraine-Hilfsprojekt-1024x1024.jpg 1024w, https:\/\/wesel-bocholt.rotaract.de\/wp-content\/uploads\/sites\/199\/2023\/02\/Ukraine-Hilfsprojekt-768x768.jpg 768w, https:\/\/wesel-bocholt.rotaract.de\/wp-content\/uploads\/sites\/199\/2023\/02\/Ukraine-Hilfsprojekt.jpg 1080w\" sizes=\"(max-width: 150px) 100vw, 150px\" \/><\/a>\n\t\t\t<\/div><\/figure><figure class='gallery-item'>\n\t\t\t<div class='gallery-icon landscape'>\n\t\t\t\t<a href='https:\/\/wesel-bocholt.rotaract.de\/?attachment_id=1001#main'><img decoding=\"async\" width=\"150\" height=\"150\" src=\"https:\/\/wesel-bocholt.rotaract.de\/wp-content\/uploads\/sites\/199\/2023\/02\/Gruppenfoto3-150x150.jpg\" class=\"attachment-thumbnail size-thumbnail\" alt=\"\" \/><\/a>\n\t\t\t<\/div><\/figure><figure class='gallery-item'>\n\t\t\t<div class='gallery-icon landscape'>\n\t\t\t\t<a href='https:\/\/wesel-bocholt.rotaract.de\/?attachment_id=994#main'><img decoding=\"async\" width=\"150\" height=\"150\" src=\"https:\/\/wesel-bocholt.rotaract.de\/wp-content\/uploads\/sites\/199\/2023\/02\/Charterfeier-RC-150x150.jpg\" class=\"attachment-thumbnail size-thumbnail\" alt=\"\" srcset=\"https:\/\/wesel-bocholt.rotaract.de\/wp-content\/uploads\/sites\/199\/2023\/02\/Charterfeier-RC-150x150.jpg 150w, https:\/\/wesel-bocholt.rotaract.de\/wp-content\/uploads\/sites\/199\/2023\/02\/Charterfeier-RC-300x300.jpg 300w, https:\/\/wesel-bocholt.rotaract.de\/wp-content\/uploads\/sites\/199\/2023\/02\/Charterfeier-RC-1024x1024.jpg 1024w, https:\/\/wesel-bocholt.rotaract.de\/wp-content\/uploads\/sites\/199\/2023\/02\/Charterfeier-RC-768x768.jpg 768w, https:\/\/wesel-bocholt.rotaract.de\/wp-content\/uploads\/sites\/199\/2023\/02\/Charterfeier-RC.jpg 1080w\" sizes=\"(max-width: 150px) 100vw, 150px\" \/><\/a>\n\t\t\t<\/div><\/figure><figure class='gallery-item'>\n\t\t\t<div class='gallery-icon landscape'>\n\t\t\t\t<a href='https:\/\/wesel-bocholt.rotaract.de\/?attachment_id=837#main'><img decoding=\"async\" width=\"150\" height=\"150\" src=\"https:\/\/wesel-bocholt.rotaract.de\/wp-content\/uploads\/sites\/199\/2019\/02\/52588039_2114121725346752_3604632856007016448_n-e1550682256738-150x150.jpg\" class=\"attachment-thumbnail size-thumbnail\" alt=\"\" \/><\/a>\n\t\t\t<\/div><\/figure><figure class='gallery-item'>\n\t\t\t<div class='gallery-icon landscape'>\n\t\t\t\t<a href='https:\/\/wesel-bocholt.rotaract.de\/?attachment_id=823'><img decoding=\"async\" width=\"150\" height=\"150\" src=\"https:\/\/wesel-bocholt.rotaract.de\/wp-content\/uploads\/sites\/199\/2018\/07\/DSC_0706-150x150.jpg\" class=\"attachment-thumbnail size-thumbnail\" alt=\"\" \/><\/a>\n\t\t\t<\/div><\/figure><figure class='gallery-item'>\n\t\t\t<div class='gallery-icon landscape'>\n\t\t\t\t<a href='https:\/\/wesel-bocholt.rotaract.de\/?attachment_id=998#main'><img decoding=\"async\" width=\"150\" height=\"150\" src=\"https:\/\/wesel-bocholt.rotaract.de\/wp-content\/uploads\/sites\/199\/2023\/02\/Gruppenfoto-Aemteruebergabe-150x150.jpg\" class=\"attachment-thumbnail size-thumbnail\" alt=\"\" srcset=\"https:\/\/wesel-bocholt.rotaract.de\/wp-content\/uploads\/sites\/199\/2023\/02\/Gruppenfoto-Aemteruebergabe-150x150.jpg 150w, https:\/\/wesel-bocholt.rotaract.de\/wp-content\/uploads\/sites\/199\/2023\/02\/Gruppenfoto-Aemteruebergabe-300x300.jpg 300w, https:\/\/wesel-bocholt.rotaract.de\/wp-content\/uploads\/sites\/199\/2023\/02\/Gruppenfoto-Aemteruebergabe-1024x1024.jpg 1024w, https:\/\/wesel-bocholt.rotaract.de\/wp-content\/uploads\/sites\/199\/2023\/02\/Gruppenfoto-Aemteruebergabe-768x768.jpg 768w, https:\/\/wesel-bocholt.rotaract.de\/wp-content\/uploads\/sites\/199\/2023\/02\/Gruppenfoto-Aemteruebergabe.jpg 1440w\" sizes=\"(max-width: 150px) 100vw, 150px\" \/><\/a>\n\t\t\t<\/div><\/figure><figure class='gallery-item'>\n\t\t\t<div class='gallery-icon landscape'>\n\t\t\t\t<a href='https:\/\/wesel-bocholt.rotaract.de\/?attachment_id=778#main'><img decoding=\"async\" width=\"150\" height=\"150\" src=\"https:\/\/wesel-bocholt.rotaract.de\/wp-content\/uploads\/sites\/199\/2018\/10\/deckel-150x150.jpeg\" class=\"attachment-thumbnail size-thumbnail\" alt=\"\" aria-describedby=\"gallery-1-778\" \/><\/a>\n\t\t\t<\/div>\n\t\t\t\t<figcaption class='wp-caption-text gallery-caption' id='gallery-1-778'>\n\t\t\t\tDer Rotary-Club Bocholt sammelt ebenfalls Deckel\nQuelle: https:\/\/bocholt.rotary.de\n\t\t\t\t<\/figcaption><\/figure><figure class='gallery-item'>\n\t\t\t<div class='gallery-icon landscape'>\n\t\t\t\t<a href='https:\/\/wesel-bocholt.rotaract.de\/?attachment_id=791#main'><img decoding=\"async\" width=\"150\" height=\"150\" src=\"https:\/\/wesel-bocholt.rotaract.de\/wp-content\/uploads\/sites\/199\/2018\/12\/rc-150x150.jpg\" class=\"attachment-thumbnail size-thumbnail\" alt=\"\" \/><\/a>\n\t\t\t<\/div><\/figure><figure class='gallery-item'>\n\t\t\t<div class='gallery-icon landscape'>\n\t\t\t\t<a href='https:\/\/wesel-bocholt.rotaract.de\/?attachment_id=657#main'><img decoding=\"async\" width=\"150\" height=\"150\" src=\"https:\/\/wesel-bocholt.rotaract.de\/wp-content\/uploads\/sites\/199\/2018\/06\/Foto-Deckel-drauf--150x150.jpg\" class=\"attachment-thumbnail size-thumbnail\" alt=\"\" \/><\/a>\n\t\t\t<\/div><\/figure><figure class='gallery-item'>\n\t\t\t<div class='gallery-icon landscape'>\n\t\t\t\t<a href='https:\/\/wesel-bocholt.rotaract.de\/?attachment_id=537#main'><img decoding=\"async\" width=\"150\" height=\"150\" src=\"https:\/\/wesel-bocholt.rotaract.de\/wp-content\/uploads\/sites\/199\/2018\/01\/Fellow-150x150.jpeg\" class=\"attachment-thumbnail size-thumbnail\" alt=\"\" \/><\/a>\n\t\t\t<\/div><\/figure><figure class='gallery-item'>\n\t\t\t<div class='gallery-icon landscape'>\n\t\t\t\t<a href='https:\/\/wesel-bocholt.rotaract.de\/?attachment_id=540#main'><img decoding=\"async\" width=\"150\" height=\"150\" src=\"https:\/\/wesel-bocholt.rotaract.de\/wp-content\/uploads\/sites\/199\/2018\/01\/Weihn-150x150.png\" class=\"attachment-thumbnail size-thumbnail\" alt=\"\" \/><\/a>\n\t\t\t<\/div><\/figure><figure class='gallery-item'>\n\t\t\t<div class='gallery-icon landscape'>\n\t\t\t\t<a href='https:\/\/wesel-bocholt.rotaract.de\/?attachment_id=224#main'><img decoding=\"async\" width=\"150\" height=\"150\" src=\"https:\/\/wesel-bocholt.rotaract.de\/wp-content\/uploads\/sites\/199\/2016\/09\/IMG-20160905-WA0001-150x150.jpg\" class=\"attachment-thumbnail size-thumbnail\" alt=\"\" \/><\/a>\n\t\t\t<\/div><\/figure><figure class='gallery-item'>\n\t\t\t<div class='gallery-icon landscape'>\n\t\t\t\t<a href='https:\/\/wesel-bocholt.rotaract.de\/?attachment_id=242#main'><img decoding=\"async\" width=\"150\" height=\"150\" src=\"https:\/\/wesel-bocholt.rotaract.de\/wp-content\/uploads\/sites\/199\/2016\/09\/DSC07896-150x150.jpeg\" class=\"attachment-thumbnail size-thumbnail\" alt=\"\" \/><\/a>\n\t\t\t<\/div><\/figure><figure class='gallery-item'>\n\t\t\t<div class='gallery-icon landscape'>\n\t\t\t\t<a href='https:\/\/wesel-bocholt.rotaract.de\/?attachment_id=247#main'><img decoding=\"async\" width=\"150\" height=\"150\" src=\"https:\/\/wesel-bocholt.rotaract.de\/wp-content\/uploads\/sites\/199\/2016\/09\/DSC6126-150x150.jpg\" class=\"attachment-thumbnail size-thumbnail\" alt=\"\" \/><\/a>\n\t\t\t<\/div><\/figure><figure class='gallery-item'>\n\t\t\t<div class='gallery-icon landscape'>\n\t\t\t\t<a href='https:\/\/wesel-bocholt.rotaract.de\/?attachment_id=175#main'><img decoding=\"async\" width=\"150\" height=\"150\" src=\"https:\/\/wesel-bocholt.rotaract.de\/wp-content\/uploads\/sites\/199\/2015\/11\/12208491_912968605462076_4915150471608848637_n-150x150.jpg\" class=\"attachment-thumbnail size-thumbnail\" alt=\"\" \/><\/a>\n\t\t\t<\/div><\/figure><figure class='gallery-item'>\n\t\t\t<div class='gallery-icon portrait'>\n\t\t\t\t<a href='https:\/\/wesel-bocholt.rotaract.de\/?attachment_id=489#main'><img decoding=\"async\" width=\"150\" height=\"150\" src=\"https:\/\/wesel-bocholt.rotaract.de\/wp-content\/uploads\/sites\/199\/2016\/10\/IMG-20161017-WA0005-e1506806660148-150x150.jpg\" class=\"attachment-thumbnail size-thumbnail\" alt=\"\" \/><\/a>\n\t\t\t<\/div><\/figure><figure class='gallery-item'>\n\t\t\t<div class='gallery-icon portrait'>\n\t\t\t\t<a href='https:\/\/wesel-bocholt.rotaract.de\/?attachment_id=792#main'><img decoding=\"async\" width=\"150\" height=\"150\" src=\"https:\/\/wesel-bocholt.rotaract.de\/wp-content\/uploads\/sites\/199\/2018\/12\/rcli-150x150.jpg\" class=\"attachment-thumbnail size-thumbnail\" alt=\"\" \/><\/a>\n\t\t\t<\/div><\/figure><figure class='gallery-item'>\n\t\t\t<div class='gallery-icon landscape'>\n\t\t\t\t<a href='https:\/\/wesel-bocholt.rotaract.de\/?attachment_id=1063#main'><img decoding=\"async\" width=\"150\" height=\"150\" src=\"https:\/\/wesel-bocholt.rotaract.de\/wp-content\/uploads\/sites\/199\/2023\/02\/Aemteruebergabe-Grillen-2019-150x150.jpg\" class=\"attachment-thumbnail size-thumbnail\" alt=\"\" srcset=\"https:\/\/wesel-bocholt.rotaract.de\/wp-content\/uploads\/sites\/199\/2023\/02\/Aemteruebergabe-Grillen-2019-150x150.jpg 150w, https:\/\/wesel-bocholt.rotaract.de\/wp-content\/uploads\/sites\/199\/2023\/02\/Aemteruebergabe-Grillen-2019-300x300.jpg 300w, https:\/\/wesel-bocholt.rotaract.de\/wp-content\/uploads\/sites\/199\/2023\/02\/Aemteruebergabe-Grillen-2019-1024x1024.jpg 1024w, https:\/\/wesel-bocholt.rotaract.de\/wp-content\/uploads\/sites\/199\/2023\/02\/Aemteruebergabe-Grillen-2019-768x768.jpg 768w, https:\/\/wesel-bocholt.rotaract.de\/wp-content\/uploads\/sites\/199\/2023\/02\/Aemteruebergabe-Grillen-2019.jpg 1440w\" sizes=\"(max-width: 150px) 100vw, 150px\" \/><\/a>\n\t\t\t<\/div><\/figure><figure class='gallery-item'>\n\t\t\t<div class='gallery-icon landscape'>\n\t\t\t\t<a href='https:\/\/wesel-bocholt.rotaract.de\/?attachment_id=1106#main'><img decoding=\"async\" width=\"150\" height=\"150\" src=\"https:\/\/wesel-bocholt.rotaract.de\/wp-content\/uploads\/sites\/199\/2024\/06\/264976_6c4b7ff0c8cc7c2879a2db40d94e9a88-25.7.2023-00_22_20-150x150.jpg\" class=\"attachment-thumbnail size-thumbnail\" alt=\"\" srcset=\"https:\/\/wesel-bocholt.rotaract.de\/wp-content\/uploads\/sites\/199\/2024\/06\/264976_6c4b7ff0c8cc7c2879a2db40d94e9a88-25.7.2023-00_22_20-150x150.jpg 150w, https:\/\/wesel-bocholt.rotaract.de\/wp-content\/uploads\/sites\/199\/2024\/06\/264976_6c4b7ff0c8cc7c2879a2db40d94e9a88-25.7.2023-00_22_20-300x300.jpg 300w, https:\/\/wesel-bocholt.rotaract.de\/wp-content\/uploads\/sites\/199\/2024\/06\/264976_6c4b7ff0c8cc7c2879a2db40d94e9a88-25.7.2023-00_22_20-1024x1024.jpg 1024w, https:\/\/wesel-bocholt.rotaract.de\/wp-content\/uploads\/sites\/199\/2024\/06\/264976_6c4b7ff0c8cc7c2879a2db40d94e9a88-25.7.2023-00_22_20-768x768.jpg 768w, https:\/\/wesel-bocholt.rotaract.de\/wp-content\/uploads\/sites\/199\/2024\/06\/264976_6c4b7ff0c8cc7c2879a2db40d94e9a88-25.7.2023-00_22_20.jpg 1080w\" sizes=\"(max-width: 150px) 100vw, 150px\" \/><\/a>\n\t\t\t<\/div><\/figure><figure class='gallery-item'>\n\t\t\t<div class='gallery-icon landscape'>\n\t\t\t\t<a href='https:\/\/wesel-bocholt.rotaract.de\/?attachment_id=1112#main'><img decoding=\"async\" width=\"150\" height=\"150\" src=\"https:\/\/wesel-bocholt.rotaract.de\/wp-content\/uploads\/sites\/199\/2024\/06\/BBB1AB96-7285-468D-B3CD-461D39BECCFF_L0_001-25.11.2023-16_46_51-150x150.jpg\" class=\"attachment-thumbnail size-thumbnail\" alt=\"\" \/><\/a>\n\t\t\t<\/div><\/figure><figure class='gallery-item'>\n\t\t\t<div class='gallery-icon landscape'>\n\t\t\t\t<a href='https:\/\/wesel-bocholt.rotaract.de\/?attachment_id=1119#main'><img decoding=\"async\" width=\"150\" height=\"150\" src=\"https:\/\/wesel-bocholt.rotaract.de\/wp-content\/uploads\/sites\/199\/2024\/06\/A61B9D57-C806-479B-AD6B-EA8FD7138A13_L0_001-17.2.2024-18_15_40-150x150.jpg\" class=\"attachment-thumbnail size-thumbnail\" alt=\"\" \/><\/a>\n\t\t\t<\/div><\/figure><figure class='gallery-item'>\n\t\t\t<div class='gallery-icon landscape'>\n\t\t\t\t<a href='https:\/\/wesel-bocholt.rotaract.de\/?attachment_id=1127#main'><img decoding=\"async\" width=\"150\" height=\"150\" src=\"https:\/\/wesel-bocholt.rotaract.de\/wp-content\/uploads\/sites\/199\/2024\/06\/29270193-D6F1-4B8D-AD26-1751B8878026_L0_001-16.6.2024-09_09_30-150x150.jpg\" class=\"attachment-thumbnail size-thumbnail\" alt=\"\" \/><\/a>\n\t\t\t<\/div><\/figure>\n\t\t<\/div>\n\n","protected":false},"excerpt":{"rendered":"<p>Seit unserer Gr\u00fcndung 2012 haben wir drei Rotary Clubs als unsere Partner, die uns seit Jahren unterst\u00fctzen. Wir besuchen uns regelm\u00e4\u00dfig gegenseitig und f\u00fchren gemeinsam Aktionen durch. Es hat sich eine inzwischen langj\u00e4hrige Freundschaft gebildet. Vor allem zu unseren Paten: Max Trapp (RC Wesel-Dinslaken), Martina Terfurth (RC Bocholt) und Ute Liman (RC Lippe-Issel). Rotary Club &#8230; <a title=\"Rotary Partnerclubs\" class=\"read-more\" href=\"https:\/\/wesel-bocholt.rotaract.de\/?page_id=56\" aria-label=\"Mehr Informationen \u00fcber Rotary Partnerclubs\">Weiterlesen<\/a><\/p>\n","protected":false},"author":173,"featured_media":0,"parent":305,"menu_order":0,"comment_status":"closed","ping_status":"closed","template":"","meta":{"footnotes":""},"class_list":["post-56","page","type-page","status-publish"],"yoast_head":"<!-- This site is optimized with the Yoast SEO plugin v27.4 - https:\/\/yoast.com\/product\/yoast-seo-wordpress\/ -->\n<title>Rotary Partnerclubs - Rotaract Club Wesel-Bocholt<\/title>\n<meta name=\"robots\" content=\"index, follow, max-snippet:-1, max-image-preview:large, max-video-preview:-1\" \/>\n<link rel=\"canonical\" href=\"https:\/\/wesel-bocholt.rotaract.de\/?page_id=56\" \/>\n<meta property=\"og:locale\" content=\"de_DE\" \/>\n<meta property=\"og:type\" content=\"article\" \/>\n<meta property=\"og:title\" content=\"Rotary Partnerclubs - Rotaract Club Wesel-Bocholt\" \/>\n<meta property=\"og:description\" content=\"Seit unserer Gr\u00fcndung 2012 haben wir drei Rotary Clubs als unsere Partner, die uns seit Jahren unterst\u00fctzen. Wir besuchen uns regelm\u00e4\u00dfig gegenseitig und f\u00fchren gemeinsam Aktionen durch. Es hat sich eine inzwischen langj\u00e4hrige Freundschaft gebildet. Vor allem zu unseren Paten: Max Trapp (RC Wesel-Dinslaken), Martina Terfurth (RC Bocholt) und Ute Liman (RC Lippe-Issel). Rotary Club ... Weiterlesen\" \/>\n<meta property=\"og:url\" content=\"https:\/\/wesel-bocholt.rotaract.de\/?page_id=56\" \/>\n<meta property=\"og:site_name\" content=\"Rotaract Club Wesel-Bocholt\" \/>\n<meta property=\"article:modified_time\" content=\"2024-06-20T10:20:29+00:00\" \/>\n<meta property=\"og:image\" content=\"https:\/\/wesel-bocholt.rotaract.de\/wp-content\/uploads\/sites\/199\/2023\/02\/Gruppenfoto4-1-150x150.jpg\" \/>\n<meta name=\"twitter:card\" content=\"summary_large_image\" \/>\n<script type=\"application\/ld+json\" class=\"yoast-schema-graph\">{\"@context\":\"https:\\\/\\\/schema.org\",\"@graph\":[{\"@type\":\"WebPage\",\"@id\":\"https:\\\/\\\/wesel-bocholt.rotaract.de\\\/?page_id=56\",\"url\":\"https:\\\/\\\/wesel-bocholt.rotaract.de\\\/?page_id=56\",\"name\":\"Rotary Partnerclubs - Rotaract Club Wesel-Bocholt\",\"isPartOf\":{\"@id\":\"https:\\\/\\\/wesel-bocholt.rotaract.de\\\/#website\"},\"primaryImageOfPage\":{\"@id\":\"https:\\\/\\\/wesel-bocholt.rotaract.de\\\/?page_id=56#primaryimage\"},\"image\":{\"@id\":\"https:\\\/\\\/wesel-bocholt.rotaract.de\\\/?page_id=56#primaryimage\"},\"thumbnailUrl\":\"https:\\\/\\\/wesel-bocholt.rotaract.de\\\/wp-content\\\/uploads\\\/sites\\\/199\\\/2023\\\/02\\\/RCLogo.svg_-e1675947369275.png\",\"datePublished\":\"2015-06-30T06:43:39+00:00\",\"dateModified\":\"2024-06-20T10:20:29+00:00\",\"breadcrumb\":{\"@id\":\"https:\\\/\\\/wesel-bocholt.rotaract.de\\\/?page_id=56#breadcrumb\"},\"inLanguage\":\"de\",\"potentialAction\":[{\"@type\":\"ReadAction\",\"target\":[\"https:\\\/\\\/wesel-bocholt.rotaract.de\\\/?page_id=56\"]}]},{\"@type\":\"ImageObject\",\"inLanguage\":\"de\",\"@id\":\"https:\\\/\\\/wesel-bocholt.rotaract.de\\\/?page_id=56#primaryimage\",\"url\":\"https:\\\/\\\/wesel-bocholt.rotaract.de\\\/wp-content\\\/uploads\\\/sites\\\/199\\\/2023\\\/02\\\/RCLogo.svg_-e1675947369275.png\",\"contentUrl\":\"https:\\\/\\\/wesel-bocholt.rotaract.de\\\/wp-content\\\/uploads\\\/sites\\\/199\\\/2023\\\/02\\\/RCLogo.svg_-e1675947369275.png\",\"width\":392,\"height\":192},{\"@type\":\"BreadcrumbList\",\"@id\":\"https:\\\/\\\/wesel-bocholt.rotaract.de\\\/?page_id=56#breadcrumb\",\"itemListElement\":[{\"@type\":\"ListItem\",\"position\":1,\"name\":\"Startseite\",\"item\":\"https:\\\/\\\/wesel-bocholt.rotaract.de\\\/\"},{\"@type\":\"ListItem\",\"position\":2,\"name\":\"Unser Club\",\"item\":\"https:\\\/\\\/wesel-bocholt.rotaract.de\\\/?page_id=305\"},{\"@type\":\"ListItem\",\"position\":3,\"name\":\"Rotary Partnerclubs\"}]},{\"@type\":\"WebSite\",\"@id\":\"https:\\\/\\\/wesel-bocholt.rotaract.de\\\/#website\",\"url\":\"https:\\\/\\\/wesel-bocholt.rotaract.de\\\/\",\"name\":\"Rotaract Club Wesel-Bocholt\",\"description\":\"Lernen-Helfen-Feiern\",\"potentialAction\":[{\"@type\":\"SearchAction\",\"target\":{\"@type\":\"EntryPoint\",\"urlTemplate\":\"https:\\\/\\\/wesel-bocholt.rotaract.de\\\/?s={search_term_string}\"},\"query-input\":{\"@type\":\"PropertyValueSpecification\",\"valueRequired\":true,\"valueName\":\"search_term_string\"}}],\"inLanguage\":\"de\"}]}<\/script>\n<!-- \/ Yoast SEO plugin. -->","yoast_head_json":{"title":"Rotary Partnerclubs - Rotaract Club Wesel-Bocholt","robots":{"index":"index","follow":"follow","max-snippet":"max-snippet:-1","max-image-preview":"max-image-preview:large","max-video-preview":"max-video-preview:-1"},"canonical":"https:\/\/wesel-bocholt.rotaract.de\/?page_id=56","og_locale":"de_DE","og_type":"article","og_title":"Rotary Partnerclubs - Rotaract Club Wesel-Bocholt","og_description":"Seit unserer Gr\u00fcndung 2012 haben wir drei Rotary Clubs als unsere Partner, die uns seit Jahren unterst\u00fctzen. Wir besuchen uns regelm\u00e4\u00dfig gegenseitig und f\u00fchren gemeinsam Aktionen durch. Es hat sich eine inzwischen langj\u00e4hrige Freundschaft gebildet. Vor allem zu unseren Paten: Max Trapp (RC Wesel-Dinslaken), Martina Terfurth (RC Bocholt) und Ute Liman (RC Lippe-Issel). Rotary Club ... Weiterlesen","og_url":"https:\/\/wesel-bocholt.rotaract.de\/?page_id=56","og_site_name":"Rotaract Club Wesel-Bocholt","article_modified_time":"2024-06-20T10:20:29+00:00","og_image":[{"url":"https:\/\/wesel-bocholt.rotaract.de\/wp-content\/uploads\/sites\/199\/2023\/02\/Gruppenfoto4-1-150x150.jpg","type":"","width":"","height":""}],"twitter_card":"summary_large_image","schema":{"@context":"https:\/\/schema.org","@graph":[{"@type":"WebPage","@id":"https:\/\/wesel-bocholt.rotaract.de\/?page_id=56","url":"https:\/\/wesel-bocholt.rotaract.de\/?page_id=56","name":"Rotary Partnerclubs - Rotaract Club Wesel-Bocholt","isPartOf":{"@id":"https:\/\/wesel-bocholt.rotaract.de\/#website"},"primaryImageOfPage":{"@id":"https:\/\/wesel-bocholt.rotaract.de\/?page_id=56#primaryimage"},"image":{"@id":"https:\/\/wesel-bocholt.rotaract.de\/?page_id=56#primaryimage"},"thumbnailUrl":"https:\/\/wesel-bocholt.rotaract.de\/wp-content\/uploads\/sites\/199\/2023\/02\/RCLogo.svg_-e1675947369275.png","datePublished":"2015-06-30T06:43:39+00:00","dateModified":"2024-06-20T10:20:29+00:00","breadcrumb":{"@id":"https:\/\/wesel-bocholt.rotaract.de\/?page_id=56#breadcrumb"},"inLanguage":"de","potentialAction":[{"@type":"ReadAction","target":["https:\/\/wesel-bocholt.rotaract.de\/?page_id=56"]}]},{"@type":"ImageObject","inLanguage":"de","@id":"https:\/\/wesel-bocholt.rotaract.de\/?page_id=56#primaryimage","url":"https:\/\/wesel-bocholt.rotaract.de\/wp-content\/uploads\/sites\/199\/2023\/02\/RCLogo.svg_-e1675947369275.png","contentUrl":"https:\/\/wesel-bocholt.rotaract.de\/wp-content\/uploads\/sites\/199\/2023\/02\/RCLogo.svg_-e1675947369275.png","width":392,"height":192},{"@type":"BreadcrumbList","@id":"https:\/\/wesel-bocholt.rotaract.de\/?page_id=56#breadcrumb","itemListElement":[{"@type":"ListItem","position":1,"name":"Startseite","item":"https:\/\/wesel-bocholt.rotaract.de\/"},{"@type":"ListItem","position":2,"name":"Unser Club","item":"https:\/\/wesel-bocholt.rotaract.de\/?page_id=305"},{"@type":"ListItem","position":3,"name":"Rotary Partnerclubs"}]},{"@type":"WebSite","@id":"https:\/\/wesel-bocholt.rotaract.de\/#website","url":"https:\/\/wesel-bocholt.rotaract.de\/","name":"Rotaract Club Wesel-Bocholt","description":"Lernen-Helfen-Feiern","potentialAction":[{"@type":"SearchAction","target":{"@type":"EntryPoint","urlTemplate":"https:\/\/wesel-bocholt.rotaract.de\/?s={search_term_string}"},"query-input":{"@type":"PropertyValueSpecification","valueRequired":true,"valueName":"search_term_string"}}],"inLanguage":"de"}]}},"_links":{"self":[{"href":"https:\/\/wesel-bocholt.rotaract.de\/index.php?rest_route=\/wp\/v2\/pages\/56","targetHints":{"allow":["GET"]}}],"collection":[{"href":"https:\/\/wesel-bocholt.rotaract.de\/index.php?rest_route=\/wp\/v2\/pages"}],"about":[{"href":"https:\/\/wesel-bocholt.rotaract.de\/index.php?rest_route=\/wp\/v2\/types\/page"}],"author":[{"embeddable":true,"href":"https:\/\/wesel-bocholt.rotaract.de\/index.php?rest_route=\/wp\/v2\/users\/173"}],"replies":[{"embeddable":true,"href":"https:\/\/wesel-bocholt.rotaract.de\/index.php?rest_route=%2Fwp%2Fv2%2Fcomments&post=56"}],"version-history":[{"count":4,"href":"https:\/\/wesel-bocholt.rotaract.de\/index.php?rest_route=\/wp\/v2\/pages\/56\/revisions"}],"predecessor-version":[{"id":1134,"href":"https:\/\/wesel-bocholt.rotaract.de\/index.php?rest_route=\/wp\/v2\/pages\/56\/revisions\/1134"}],"up":[{"embeddable":true,"href":"https:\/\/wesel-bocholt.rotaract.de\/index.php?rest_route=\/wp\/v2\/pages\/305"}],"wp:attachment":[{"href":"https:\/\/wesel-bocholt.rotaract.de\/index.php?rest_route=%2Fwp%2Fv2%2Fmedia&parent=56"}],"curies":[{"name":"wp","href":"https:\/\/api.w.org\/{rel}","templated":true}]}}