{"id":51,"date":"2015-06-30T08:23:32","date_gmt":"2015-06-30T06:23:32","guid":{"rendered":"http:\/\/wesel-bocholt.rotaract.de\/?page_id=51"},"modified":"2024-06-20T12:48:46","modified_gmt":"2024-06-20T10:48:46","slug":"impressum","status":"publish","type":"page","link":"https:\/\/wesel-bocholt.rotaract.de\/?page_id=51","title":{"rendered":"Impressum und Datenschutz"},"content":{"rendered":"<div class=\"entry-content\">\n<div class=\"entry-content\">\n<div class=\"ce_text last block\">\n<h1 class=\"entry-title\">Impressum<\/h1>\n<div class=\"entry-content\">\n<header class=\"entry-header\">\n<h3 class=\"entry-title\">Angaben gem\u00e4\u00df \u00a7 5 TMG:<\/h3>\n<\/header>\n<div class=\"entry-content\">\n<div class=\"ce_text first block\">\n<p>Dienstanbieter ist der Rotaract Club Deutschland,<br \/>\nvertreten durch die Pr\u00e4sidentin:<\/p>\n<p>Rotaract Club Wesel-Bocholt<br \/>\nNadine Boos\/46483 Wesel<br \/>\nNadine.Boos@rotaract.de<\/p>\n<\/div>\n<div class=\"ce_text first block\">\n<h3>Inhaltlich Verantwortlicher ist gem\u00e4\u00df \u00a7 55 Abs. 2 RStV:<\/h3>\n<p>Webmaster: Annika Meinen<\/p>\n<\/div>\n<h1><strong>Haftungsausschluss (Disclaimer)<\/strong><\/h1>\n<h3><strong>Haftung f\u00fcr Inhalte<\/strong><\/h3>\n<p>Als Diensteanbieter sind wir gem\u00e4\u00df \u00a7 7 Abs.1 TMG f\u00fcr eigene Inhalte auf diesen Seiten nach den allgemeinen Gesetzen verantwortlich. Nach \u00a7\u00a7 8 bis 10 TMG sind wir als Diensteanbieter jedoch nicht verpflichtet, \u00fcbermittelte oder gespeicherte fremde Informationen zu \u00fcberwachen oder nach Umst\u00e4nden zu forschen, die auf eine rechtswidrige T\u00e4tigkeit hinweisen. Verpflichtungen zur Entfernung oder Sperrung der Nutzung von Informationen nach den allgemeinen Gesetzen bleiben hiervon unber\u00fchrt. Eine diesbez\u00fcgliche Haftung ist jedoch erst ab dem Zeitpunkt der Kenntnis einer konkreten Rechtsverletzung m\u00f6glich. Bei Bekanntwerden von entsprechenden Rechtsverletzungen werden wir diese Inhalte umgehend entfernen.<\/p>\n<h3><strong>Haftung f\u00fcr Links<\/strong><\/h3>\n<p>Unser Angebot enth\u00e4lt Links zu externen Webseiten Dritter, auf deren Inhalte wir keinen Einfluss haben. Deshalb k\u00f6nnen wir f\u00fcr diese fremden Inhalte auch keine Gew\u00e4hr \u00fcbernehmen. F\u00fcr die Inhalte der verlinkten Seiten ist stets der jeweilige Anbieter oder Betreiber der Seiten verantwortlich. Die verlinkten Seiten wurden zum Zeitpunkt der Verlinkung auf m\u00f6gliche Rechtsverst\u00f6\u00dfe \u00fcberpr\u00fcft. Rechtswidrige Inhalte waren zum Zeitpunkt der Verlinkung nicht erkennbar. Eine permanente inhaltliche Kontrolle der verlinkten Seiten ist jedoch ohne konkrete Anhaltspunkte einer Rechtsverletzung nicht zumutbar. Bei Bekanntwerden von Rechtsverletzungen werden wir derartige Links umgehend entfernen.<\/p>\n<h3><strong>Urheberrecht<\/strong><\/h3>\n<p>Die durch die Seitenbetreiber erstellten Inhalte und Werke auf diesen Seiten unterliegen dem deutschen Urheberrecht. Die Vervielf\u00e4ltigung, Bearbeitung, Verbreitung und jede Art der Verwertung au\u00dferhalb der Grenzen des Urheberrechtes bed\u00fcrfen der schriftlichen Zustimmung des jeweiligen Autors bzw. Erstellers. Downloads und Kopien dieser Seite sind nur f\u00fcr den privaten, nicht kommerziellen Gebrauch gestattet. Soweit die Inhalte auf dieser Seite nicht vom Betreiber erstellt wurden, werden die Urheberrechte Dritter beachtet. Insbesondere werden Inhalte Dritter als solche gekennzeichnet. Sollten Sie trotzdem auf eine Urheberrechtsverletzung aufmerksam werden, bitten wir um einen entsprechenden Hinweis. Bei Bekanntwerden von Rechtsverletzungen werden wir derartige Inhalte umgehend entfernen.<\/p>\n<\/div>\n<\/div>\n<\/div>\n<\/div>\n<\/div>\n","protected":false},"excerpt":{"rendered":"<p>Impressum Angaben gem\u00e4\u00df \u00a7 5 TMG: Dienstanbieter ist der Rotaract Club Deutschland, vertreten durch die Pr\u00e4sidentin: Rotaract Club Wesel-Bocholt Nadine Boos\/46483 Wesel Nadine.Boos@rotaract.de Inhaltlich Verantwortlicher ist gem\u00e4\u00df \u00a7 55 Abs. 2 RStV: Webmaster: Annika Meinen Haftungsausschluss (Disclaimer) Haftung f\u00fcr Inhalte Als Diensteanbieter sind wir gem\u00e4\u00df \u00a7 7 Abs.1 TMG f\u00fcr eigene Inhalte auf diesen Seiten &#8230; <a title=\"Impressum und Datenschutz\" class=\"read-more\" href=\"https:\/\/wesel-bocholt.rotaract.de\/?page_id=51\" aria-label=\"Mehr Informationen \u00fcber Impressum und Datenschutz\">Weiterlesen<\/a><\/p>\n","protected":false},"author":173,"featured_media":0,"parent":0,"menu_order":0,"comment_status":"closed","ping_status":"open","template":"","meta":{"footnotes":""},"class_list":["post-51","page","type-page","status-publish"],"yoast_head":"<!-- This site is optimized with the Yoast SEO plugin v27.4 - https:\/\/yoast.com\/product\/yoast-seo-wordpress\/ -->\n<title>Impressum und Datenschutz - Rotaract Club Wesel-Bocholt<\/title>\n<meta name=\"robots\" content=\"index, follow, max-snippet:-1, max-image-preview:large, max-video-preview:-1\" \/>\n<link rel=\"canonical\" href=\"https:\/\/wesel-bocholt.rotaract.de\/?page_id=51\" \/>\n<meta property=\"og:locale\" content=\"de_DE\" \/>\n<meta property=\"og:type\" content=\"article\" \/>\n<meta property=\"og:title\" content=\"Impressum und Datenschutz - Rotaract Club Wesel-Bocholt\" \/>\n<meta property=\"og:description\" content=\"Impressum Angaben gem\u00e4\u00df \u00a7 5 TMG: Dienstanbieter ist der Rotaract Club Deutschland, vertreten durch die Pr\u00e4sidentin: Rotaract Club Wesel-Bocholt Nadine Boos\/46483 Wesel Nadine.Boos@rotaract.de Inhaltlich Verantwortlicher ist gem\u00e4\u00df \u00a7 55 Abs. 2 RStV: Webmaster: Annika Meinen Haftungsausschluss (Disclaimer) Haftung f\u00fcr Inhalte Als Diensteanbieter sind wir gem\u00e4\u00df \u00a7 7 Abs.1 TMG f\u00fcr eigene Inhalte auf diesen Seiten ... Weiterlesen\" \/>\n<meta property=\"og:url\" content=\"https:\/\/wesel-bocholt.rotaract.de\/?page_id=51\" \/>\n<meta property=\"og:site_name\" content=\"Rotaract Club Wesel-Bocholt\" \/>\n<meta property=\"article:modified_time\" content=\"2024-06-20T10:48:46+00:00\" \/>\n<meta name=\"twitter:card\" content=\"summary_large_image\" \/>\n<meta name=\"twitter:label1\" content=\"Gesch\u00e4tzte Lesezeit\" \/>\n\t<meta name=\"twitter:data1\" content=\"2\u00a0Minuten\" \/>\n<script type=\"application\/ld+json\" class=\"yoast-schema-graph\">{\"@context\":\"https:\\\/\\\/schema.org\",\"@graph\":[{\"@type\":\"WebPage\",\"@id\":\"https:\\\/\\\/wesel-bocholt.rotaract.de\\\/?page_id=51\",\"url\":\"https:\\\/\\\/wesel-bocholt.rotaract.de\\\/?page_id=51\",\"name\":\"Impressum und Datenschutz - Rotaract Club Wesel-Bocholt\",\"isPartOf\":{\"@id\":\"https:\\\/\\\/wesel-bocholt.rotaract.de\\\/#website\"},\"datePublished\":\"2015-06-30T06:23:32+00:00\",\"dateModified\":\"2024-06-20T10:48:46+00:00\",\"breadcrumb\":{\"@id\":\"https:\\\/\\\/wesel-bocholt.rotaract.de\\\/?page_id=51#breadcrumb\"},\"inLanguage\":\"de\",\"potentialAction\":[{\"@type\":\"ReadAction\",\"target\":[\"https:\\\/\\\/wesel-bocholt.rotaract.de\\\/?page_id=51\"]}]},{\"@type\":\"BreadcrumbList\",\"@id\":\"https:\\\/\\\/wesel-bocholt.rotaract.de\\\/?page_id=51#breadcrumb\",\"itemListElement\":[{\"@type\":\"ListItem\",\"position\":1,\"name\":\"Startseite\",\"item\":\"https:\\\/\\\/wesel-bocholt.rotaract.de\\\/\"},{\"@type\":\"ListItem\",\"position\":2,\"name\":\"Impressum und Datenschutz\"}]},{\"@type\":\"WebSite\",\"@id\":\"https:\\\/\\\/wesel-bocholt.rotaract.de\\\/#website\",\"url\":\"https:\\\/\\\/wesel-bocholt.rotaract.de\\\/\",\"name\":\"Rotaract Club Wesel-Bocholt\",\"description\":\"Lernen-Helfen-Feiern\",\"potentialAction\":[{\"@type\":\"SearchAction\",\"target\":{\"@type\":\"EntryPoint\",\"urlTemplate\":\"https:\\\/\\\/wesel-bocholt.rotaract.de\\\/?s={search_term_string}\"},\"query-input\":{\"@type\":\"PropertyValueSpecification\",\"valueRequired\":true,\"valueName\":\"search_term_string\"}}],\"inLanguage\":\"de\"}]}<\/script>\n<!-- \/ Yoast SEO plugin. -->","yoast_head_json":{"title":"Impressum und Datenschutz - Rotaract Club Wesel-Bocholt","robots":{"index":"index","follow":"follow","max-snippet":"max-snippet:-1","max-image-preview":"max-image-preview:large","max-video-preview":"max-video-preview:-1"},"canonical":"https:\/\/wesel-bocholt.rotaract.de\/?page_id=51","og_locale":"de_DE","og_type":"article","og_title":"Impressum und Datenschutz - Rotaract Club Wesel-Bocholt","og_description":"Impressum Angaben gem\u00e4\u00df \u00a7 5 TMG: Dienstanbieter ist der Rotaract Club Deutschland, vertreten durch die Pr\u00e4sidentin: Rotaract Club Wesel-Bocholt Nadine Boos\/46483 Wesel Nadine.Boos@rotaract.de Inhaltlich Verantwortlicher ist gem\u00e4\u00df \u00a7 55 Abs. 2 RStV: Webmaster: Annika Meinen Haftungsausschluss (Disclaimer) Haftung f\u00fcr Inhalte Als Diensteanbieter sind wir gem\u00e4\u00df \u00a7 7 Abs.1 TMG f\u00fcr eigene Inhalte auf diesen Seiten ... Weiterlesen","og_url":"https:\/\/wesel-bocholt.rotaract.de\/?page_id=51","og_site_name":"Rotaract Club Wesel-Bocholt","article_modified_time":"2024-06-20T10:48:46+00:00","twitter_card":"summary_large_image","twitter_misc":{"Gesch\u00e4tzte Lesezeit":"2\u00a0Minuten"},"schema":{"@context":"https:\/\/schema.org","@graph":[{"@type":"WebPage","@id":"https:\/\/wesel-bocholt.rotaract.de\/?page_id=51","url":"https:\/\/wesel-bocholt.rotaract.de\/?page_id=51","name":"Impressum und Datenschutz - Rotaract Club Wesel-Bocholt","isPartOf":{"@id":"https:\/\/wesel-bocholt.rotaract.de\/#website"},"datePublished":"2015-06-30T06:23:32+00:00","dateModified":"2024-06-20T10:48:46+00:00","breadcrumb":{"@id":"https:\/\/wesel-bocholt.rotaract.de\/?page_id=51#breadcrumb"},"inLanguage":"de","potentialAction":[{"@type":"ReadAction","target":["https:\/\/wesel-bocholt.rotaract.de\/?page_id=51"]}]},{"@type":"BreadcrumbList","@id":"https:\/\/wesel-bocholt.rotaract.de\/?page_id=51#breadcrumb","itemListElement":[{"@type":"ListItem","position":1,"name":"Startseite","item":"https:\/\/wesel-bocholt.rotaract.de\/"},{"@type":"ListItem","position":2,"name":"Impressum und Datenschutz"}]},{"@type":"WebSite","@id":"https:\/\/wesel-bocholt.rotaract.de\/#website","url":"https:\/\/wesel-bocholt.rotaract.de\/","name":"Rotaract Club Wesel-Bocholt","description":"Lernen-Helfen-Feiern","potentialAction":[{"@type":"SearchAction","target":{"@type":"EntryPoint","urlTemplate":"https:\/\/wesel-bocholt.rotaract.de\/?s={search_term_string}"},"query-input":{"@type":"PropertyValueSpecification","valueRequired":true,"valueName":"search_term_string"}}],"inLanguage":"de"}]}},"_links":{"self":[{"href":"https:\/\/wesel-bocholt.rotaract.de\/index.php?rest_route=\/wp\/v2\/pages\/51","targetHints":{"allow":["GET"]}}],"collection":[{"href":"https:\/\/wesel-bocholt.rotaract.de\/index.php?rest_route=\/wp\/v2\/pages"}],"about":[{"href":"https:\/\/wesel-bocholt.rotaract.de\/index.php?rest_route=\/wp\/v2\/types\/page"}],"author":[{"embeddable":true,"href":"https:\/\/wesel-bocholt.rotaract.de\/index.php?rest_route=\/wp\/v2\/users\/173"}],"replies":[{"embeddable":true,"href":"https:\/\/wesel-bocholt.rotaract.de\/index.php?rest_route=%2Fwp%2Fv2%2Fcomments&post=51"}],"version-history":[{"count":2,"href":"https:\/\/wesel-bocholt.rotaract.de\/index.php?rest_route=\/wp\/v2\/pages\/51\/revisions"}],"predecessor-version":[{"id":1162,"href":"https:\/\/wesel-bocholt.rotaract.de\/index.php?rest_route=\/wp\/v2\/pages\/51\/revisions\/1162"}],"wp:attachment":[{"href":"https:\/\/wesel-bocholt.rotaract.de\/index.php?rest_route=%2Fwp%2Fv2%2Fmedia&parent=51"}],"curies":[{"name":"wp","href":"https:\/\/api.w.org\/{rel}","templated":true}]}}