{"id":296,"date":"2017-02-07T00:06:41","date_gmt":"2017-02-06T23:06:41","guid":{"rendered":"http:\/\/wesel-bocholt.rotaract.de\/?page_id=296"},"modified":"2020-10-18T15:23:32","modified_gmt":"2020-10-18T13:23:32","slug":"was-ist-rotaract","status":"publish","type":"page","link":"https:\/\/wesel-bocholt.rotaract.de\/?page_id=296","title":{"rendered":"Was ist Rotaract?"},"content":{"rendered":"<p><strong>Pers\u00f6nlicher Einsatz mit jeder Menge Spa\u00df<\/strong>\u200b<\/p>\n<p>Rotaract = \u201eRotary in Action\u201c\u200b<\/p>\n<ul>\n<li>Junge Leute ab 18 Jahren\u00a0\u200b<\/li>\n<li>Deutschlandweit: mehr als 3.900 Mitglieder in \u00fcber \u200b<br \/>\n180 Rotaract Clubs\u00a0\u200b<\/li>\n<li>Weltweit: mit \u00fcber 290.000 Mitgliedern in \u200b<br \/>\nmehr als 178 L\u00e4ndern auch eine der gr\u00f6\u00dften Jugendorganisation weltweit<\/li>\n<li>Wir tragen gemeinsam durch Freundschaft, Fairness und Toleranz zur internationalen Verst\u00e4ndigung und Frieden bei<\/li>\n<\/ul>\n<p><strong>Rotaract<\/strong><strong>\u00a0steht f\u00fcr<\/strong>\u200b<br \/>\n<strong>Lernen \u2013 Helfen \u2013 Feiern<\/strong><\/p>\n<p><strong>Das aktive Lernen spielt eine gro\u00dfe Rolle. <\/strong><\/p>\n<p>Ob au\u00dfergew\u00f6hnliche Berufe und Hobbys, Reisen, Kunst und Kultur oder gesellschaftspolitische Themen \u2013 f\u00fcr jeden ist etwas Interessantes dabei:<\/p>\n<ul>\n<li>Vortr\u00e4ge von Mitgliedern oder externen Referenten<\/li>\n<li>Betriebsbesichtigungen<\/li>\n<li>Management-Trainings, Workshops oder Seminare<\/li>\n<li>Theater-, Konzert- oder Museumsbesuche<\/li>\n<li>Deutschland-, Europa- und Weltkonferenzen<\/li>\n<li>Durch Clubpatenschaften und gegenseitige Besuche f\u00f6rdern wir kulturellen Austausch und Verst\u00e4ndigung<\/li>\n<\/ul>\n<p><strong>Ob in unserer Nachbarschaft, deutschlandweit \u200boder international \u2013 es gibt genug zu helfen:\u200b<\/strong><\/p>\n<ul>\n<li>Spendengelder sammeln (Benefizl\u00e4ufe\/-konzerte)<\/li>\n<li>Mit kranken Kindern spielen oder sich Zeit f\u00fcr\u200b \u00e4ltere Menschen nehmen\u200b<\/li>\n<li>Bed\u00fcrftige mit Spendenpaketen unterst\u00fctzen\u200b<\/li>\n<li>Weltweite gemeinsame Spendenaktionen organisieren\u200b<\/li>\n<li>Katastrophenhilfe vor Ort leisten\u200b<\/li>\n<\/ul>\n<p>Wir f\u00fchren regelm\u00e4\u00dfig Sozialaktionen durch, denn soziales Engagement funktioniert nur mit pers\u00f6nlichem Einsatz.<\/p>\n<p>Der sch\u00f6nste Lohn daf\u00fcr: Menschen, die sich freuen!\u200b<\/p>\n<p><strong>Rotaract soll vor allem Spa\u00df machen!\u200b<\/strong><\/p>\n<p>\u200bBei gemeinsamen Veranstaltungen, Partys und Reisen ergeben sich vielf\u00e4ltige M\u00f6glichkeiten, unterschiedliche Menschen kennenzulernen.\u200b<\/p>\n<ul>\n<li>Club- und Benefizveranstaltungen\u200b<\/li>\n<li>Cocktailabende\u200b<\/li>\n<li>Grillpartys\u200b<\/li>\n<li>Jubil\u00e4umsfeiern\u200b (=Charterfeiern)<\/li>\n<li>Reisen zu Partnerclubs im Ausland\u200b<\/li>\n<\/ul>\n<p>\u200bGemeinsam wachsen, Freundschaften schlie\u00dfen und sich auf andere verlassen k\u00f6nnen \u2013 das z\u00e4hlt bei Rotaract!\u200b<\/p>\n<p>Rotaract in wenigen Worten zu erkl\u00e4ren ist fast unm\u00f6glich \u2013 Rotaract muss man erleben!<\/p>\n<p>Also nehmt mit uns einfach <a href=\"https:\/\/wesel-bocholt.rotaract.de\/kontakt\/\">Kontakt<\/a> auf und probiert es aus!<\/p>\n","protected":false},"excerpt":{"rendered":"<p>Pers\u00f6nlicher Einsatz mit jeder Menge Spa\u00df\u200b Rotaract = \u201eRotary in Action\u201c\u200b Junge Leute ab 18 Jahren\u00a0\u200b Deutschlandweit: mehr als 3.900 Mitglieder in \u00fcber \u200b 180 Rotaract Clubs\u00a0\u200b Weltweit: mit \u00fcber 290.000 Mitgliedern in \u200b mehr als 178 L\u00e4ndern auch eine der gr\u00f6\u00dften Jugendorganisation weltweit Wir tragen gemeinsam durch Freundschaft, Fairness und Toleranz zur internationalen Verst\u00e4ndigung &#8230; <a title=\"Was ist Rotaract?\" class=\"read-more\" href=\"https:\/\/wesel-bocholt.rotaract.de\/?page_id=296\" aria-label=\"Mehr Informationen \u00fcber Was ist Rotaract?\">Weiterlesen<\/a><\/p>\n","protected":false},"author":173,"featured_media":0,"parent":0,"menu_order":0,"comment_status":"closed","ping_status":"closed","template":"","meta":{"footnotes":""},"class_list":["post-296","page","type-page","status-publish"],"yoast_head":"<!-- This site is optimized with the Yoast SEO plugin v27.4 - https:\/\/yoast.com\/product\/yoast-seo-wordpress\/ -->\n<title>Was ist Rotaract? - Rotaract Club Wesel-Bocholt<\/title>\n<meta name=\"robots\" content=\"index, follow, max-snippet:-1, max-image-preview:large, max-video-preview:-1\" \/>\n<link rel=\"canonical\" href=\"https:\/\/wesel-bocholt.rotaract.de\/?page_id=296\" \/>\n<meta property=\"og:locale\" content=\"de_DE\" \/>\n<meta property=\"og:type\" content=\"article\" \/>\n<meta property=\"og:title\" content=\"Was ist Rotaract? - Rotaract Club Wesel-Bocholt\" \/>\n<meta property=\"og:description\" content=\"Pers\u00f6nlicher Einsatz mit jeder Menge Spa\u00df\u200b Rotaract = \u201eRotary in Action\u201c\u200b Junge Leute ab 18 Jahren\u00a0\u200b Deutschlandweit: mehr als 3.900 Mitglieder in \u00fcber \u200b 180 Rotaract Clubs\u00a0\u200b Weltweit: mit \u00fcber 290.000 Mitgliedern in \u200b mehr als 178 L\u00e4ndern auch eine der gr\u00f6\u00dften Jugendorganisation weltweit Wir tragen gemeinsam durch Freundschaft, Fairness und Toleranz zur internationalen Verst\u00e4ndigung ... Weiterlesen\" \/>\n<meta property=\"og:url\" content=\"https:\/\/wesel-bocholt.rotaract.de\/?page_id=296\" \/>\n<meta property=\"og:site_name\" content=\"Rotaract Club Wesel-Bocholt\" \/>\n<meta property=\"article:modified_time\" content=\"2020-10-18T13:23:32+00:00\" \/>\n<meta name=\"twitter:card\" content=\"summary_large_image\" \/>\n<meta name=\"twitter:label1\" content=\"Gesch\u00e4tzte Lesezeit\" \/>\n\t<meta name=\"twitter:data1\" content=\"1\u00a0Minute\" \/>\n<script type=\"application\/ld+json\" class=\"yoast-schema-graph\">{\"@context\":\"https:\\\/\\\/schema.org\",\"@graph\":[{\"@type\":\"WebPage\",\"@id\":\"https:\\\/\\\/wesel-bocholt.rotaract.de\\\/?page_id=296\",\"url\":\"https:\\\/\\\/wesel-bocholt.rotaract.de\\\/?page_id=296\",\"name\":\"Was ist Rotaract? - Rotaract Club Wesel-Bocholt\",\"isPartOf\":{\"@id\":\"https:\\\/\\\/wesel-bocholt.rotaract.de\\\/#website\"},\"datePublished\":\"2017-02-06T23:06:41+00:00\",\"dateModified\":\"2020-10-18T13:23:32+00:00\",\"breadcrumb\":{\"@id\":\"https:\\\/\\\/wesel-bocholt.rotaract.de\\\/?page_id=296#breadcrumb\"},\"inLanguage\":\"de\",\"potentialAction\":[{\"@type\":\"ReadAction\",\"target\":[\"https:\\\/\\\/wesel-bocholt.rotaract.de\\\/?page_id=296\"]}]},{\"@type\":\"BreadcrumbList\",\"@id\":\"https:\\\/\\\/wesel-bocholt.rotaract.de\\\/?page_id=296#breadcrumb\",\"itemListElement\":[{\"@type\":\"ListItem\",\"position\":1,\"name\":\"Startseite\",\"item\":\"https:\\\/\\\/wesel-bocholt.rotaract.de\\\/\"},{\"@type\":\"ListItem\",\"position\":2,\"name\":\"Was ist Rotaract?\"}]},{\"@type\":\"WebSite\",\"@id\":\"https:\\\/\\\/wesel-bocholt.rotaract.de\\\/#website\",\"url\":\"https:\\\/\\\/wesel-bocholt.rotaract.de\\\/\",\"name\":\"Rotaract Club Wesel-Bocholt\",\"description\":\"Lernen-Helfen-Feiern\",\"potentialAction\":[{\"@type\":\"SearchAction\",\"target\":{\"@type\":\"EntryPoint\",\"urlTemplate\":\"https:\\\/\\\/wesel-bocholt.rotaract.de\\\/?s={search_term_string}\"},\"query-input\":{\"@type\":\"PropertyValueSpecification\",\"valueRequired\":true,\"valueName\":\"search_term_string\"}}],\"inLanguage\":\"de\"}]}<\/script>\n<!-- \/ Yoast SEO plugin. -->","yoast_head_json":{"title":"Was ist Rotaract? - Rotaract Club Wesel-Bocholt","robots":{"index":"index","follow":"follow","max-snippet":"max-snippet:-1","max-image-preview":"max-image-preview:large","max-video-preview":"max-video-preview:-1"},"canonical":"https:\/\/wesel-bocholt.rotaract.de\/?page_id=296","og_locale":"de_DE","og_type":"article","og_title":"Was ist Rotaract? - Rotaract Club Wesel-Bocholt","og_description":"Pers\u00f6nlicher Einsatz mit jeder Menge Spa\u00df\u200b Rotaract = \u201eRotary in Action\u201c\u200b Junge Leute ab 18 Jahren\u00a0\u200b Deutschlandweit: mehr als 3.900 Mitglieder in \u00fcber \u200b 180 Rotaract Clubs\u00a0\u200b Weltweit: mit \u00fcber 290.000 Mitgliedern in \u200b mehr als 178 L\u00e4ndern auch eine der gr\u00f6\u00dften Jugendorganisation weltweit Wir tragen gemeinsam durch Freundschaft, Fairness und Toleranz zur internationalen Verst\u00e4ndigung ... Weiterlesen","og_url":"https:\/\/wesel-bocholt.rotaract.de\/?page_id=296","og_site_name":"Rotaract Club Wesel-Bocholt","article_modified_time":"2020-10-18T13:23:32+00:00","twitter_card":"summary_large_image","twitter_misc":{"Gesch\u00e4tzte Lesezeit":"1\u00a0Minute"},"schema":{"@context":"https:\/\/schema.org","@graph":[{"@type":"WebPage","@id":"https:\/\/wesel-bocholt.rotaract.de\/?page_id=296","url":"https:\/\/wesel-bocholt.rotaract.de\/?page_id=296","name":"Was ist Rotaract? - Rotaract Club Wesel-Bocholt","isPartOf":{"@id":"https:\/\/wesel-bocholt.rotaract.de\/#website"},"datePublished":"2017-02-06T23:06:41+00:00","dateModified":"2020-10-18T13:23:32+00:00","breadcrumb":{"@id":"https:\/\/wesel-bocholt.rotaract.de\/?page_id=296#breadcrumb"},"inLanguage":"de","potentialAction":[{"@type":"ReadAction","target":["https:\/\/wesel-bocholt.rotaract.de\/?page_id=296"]}]},{"@type":"BreadcrumbList","@id":"https:\/\/wesel-bocholt.rotaract.de\/?page_id=296#breadcrumb","itemListElement":[{"@type":"ListItem","position":1,"name":"Startseite","item":"https:\/\/wesel-bocholt.rotaract.de\/"},{"@type":"ListItem","position":2,"name":"Was ist Rotaract?"}]},{"@type":"WebSite","@id":"https:\/\/wesel-bocholt.rotaract.de\/#website","url":"https:\/\/wesel-bocholt.rotaract.de\/","name":"Rotaract Club Wesel-Bocholt","description":"Lernen-Helfen-Feiern","potentialAction":[{"@type":"SearchAction","target":{"@type":"EntryPoint","urlTemplate":"https:\/\/wesel-bocholt.rotaract.de\/?s={search_term_string}"},"query-input":{"@type":"PropertyValueSpecification","valueRequired":true,"valueName":"search_term_string"}}],"inLanguage":"de"}]}},"_links":{"self":[{"href":"https:\/\/wesel-bocholt.rotaract.de\/index.php?rest_route=\/wp\/v2\/pages\/296","targetHints":{"allow":["GET"]}}],"collection":[{"href":"https:\/\/wesel-bocholt.rotaract.de\/index.php?rest_route=\/wp\/v2\/pages"}],"about":[{"href":"https:\/\/wesel-bocholt.rotaract.de\/index.php?rest_route=\/wp\/v2\/types\/page"}],"author":[{"embeddable":true,"href":"https:\/\/wesel-bocholt.rotaract.de\/index.php?rest_route=\/wp\/v2\/users\/173"}],"replies":[{"embeddable":true,"href":"https:\/\/wesel-bocholt.rotaract.de\/index.php?rest_route=%2Fwp%2Fv2%2Fcomments&post=296"}],"version-history":[{"count":0,"href":"https:\/\/wesel-bocholt.rotaract.de\/index.php?rest_route=\/wp\/v2\/pages\/296\/revisions"}],"wp:attachment":[{"href":"https:\/\/wesel-bocholt.rotaract.de\/index.php?rest_route=%2Fwp%2Fv2%2Fmedia&parent=296"}],"curies":[{"name":"wp","href":"https:\/\/api.w.org\/{rel}","templated":true}]}}