{"id":1137,"date":"2024-06-20T12:37:31","date_gmt":"2024-06-20T10:37:31","guid":{"rendered":"https:\/\/wesel-bocholt.rotaract.de\/?page_id=1137"},"modified":"2024-07-16T12:54:40","modified_gmt":"2024-07-16T10:54:40","slug":"programm-2","status":"publish","type":"page","link":"https:\/\/wesel-bocholt.rotaract.de\/?page_id=1137","title":{"rendered":"Programm"},"content":{"rendered":"\n<p>Schnuppert einfach mal rein und erlebt es live!<\/p>\n\n\n\n<figure class=\"gb-block-image gb-block-image-231eac75\"><img decoding=\"async\" width=\"300\" height=\"300\" class=\"gb-image gb-image-231eac75\" src=\"https:\/\/wesel-bocholt.rotaract.de\/wp-content\/uploads\/sites\/199\/2023\/02\/Meeting-Gruppenfoto-300x300.jpg\" alt=\"\" title=\"Meeting Gruppenfoto\" srcset=\"https:\/\/wesel-bocholt.rotaract.de\/wp-content\/uploads\/sites\/199\/2023\/02\/Meeting-Gruppenfoto-300x300.jpg 300w, https:\/\/wesel-bocholt.rotaract.de\/wp-content\/uploads\/sites\/199\/2023\/02\/Meeting-Gruppenfoto-1024x1024.jpg 1024w, https:\/\/wesel-bocholt.rotaract.de\/wp-content\/uploads\/sites\/199\/2023\/02\/Meeting-Gruppenfoto-150x150.jpg 150w, https:\/\/wesel-bocholt.rotaract.de\/wp-content\/uploads\/sites\/199\/2023\/02\/Meeting-Gruppenfoto-768x768.jpg 768w, https:\/\/wesel-bocholt.rotaract.de\/wp-content\/uploads\/sites\/199\/2023\/02\/Meeting-Gruppenfoto.jpg 1440w\" sizes=\"(max-width: 300px) 100vw, 300px\" \/><\/figure>\n\n\n\n<p>Wir treffen uns 2x im Monat und unternehmen die unterschiedlichsten Sachen, wie ihr ja sehen k\u00f6nnt.<\/p>\n\n\n\n<p>Jeder 1. Donnerstag abends um 19:00 Uhr<\/p>\n\n\n\n<p>Jeder 3. Freitag abends um 19:00 Uhr<\/p>\n\n\n\n<p>Wir treffen uns im Extrablatt in Wesel. Manchmal treffen wir uns auch woanders &#8211; zum Beispiel f\u00fcr Unternehmensbesichtigungen &#8211; dann geben wir Euch aber rechtzeitig Bescheid.<\/p>\n\n\n\n<p><\/p>\n\n\n\n<p>Auf <a href=\"https:\/\/www.instagram.com\/racweselbocholt\/\" data-type=\"URL\" data-id=\"https:\/\/www.instagram.com\/racweselbocholt\/\">Instagram<\/a> &amp; auf <a href=\"https:\/\/www.facebook.com\/pg\/RAC.Wesel.Bocholt\/events\/?ref=page_internal\">Facebook<\/a> findet ihr auch nochmal die Veranstaltungen und alle News von unserem Club. Wenn ihr euch f\u00fcr die einzelnen Veranstaltungen interessiert oder zusagt, bekommt ihr \u00c4nderungen auch automatisch mitgeteilt oder ihr f\u00fcgt unseren Kalender eurem eigenen hinzu und seid so immer auf dem neusten Stand.<\/p>\n\n\n\n<p>Im Anschluss findet ihr sowohl bei Facebook als auch bei Instagram die Fotos und einen kurzen Bericht, damit ihr, obwohl ihr vielleicht nicht dabei sein konntet, alles mitbekommt.<\/p>\n\n\n\n<figure class=\"gb-block-image gb-block-image-046f1cbc\"><img decoding=\"async\" width=\"960\" height=\"640\" class=\"gb-image gb-image-046f1cbc\" src=\"https:\/\/wesel-bocholt.rotaract.de\/wp-content\/uploads\/sites\/199\/2023\/02\/organizer-791939_960_720.jpg\" alt=\"\" title=\"organizer-791939_960_720\" srcset=\"https:\/\/wesel-bocholt.rotaract.de\/wp-content\/uploads\/sites\/199\/2023\/02\/organizer-791939_960_720.jpg 960w, https:\/\/wesel-bocholt.rotaract.de\/wp-content\/uploads\/sites\/199\/2023\/02\/organizer-791939_960_720-300x200.jpg 300w, https:\/\/wesel-bocholt.rotaract.de\/wp-content\/uploads\/sites\/199\/2023\/02\/organizer-791939_960_720-768x512.jpg 768w\" sizes=\"(max-width: 960px) 100vw, 960px\" \/><\/figure>\n\n\n\n<p>Nachstehend findet ihr die anstehenden Meetings und Veranstaltungen.&nbsp;Das  vorliegende Programm ist vorl\u00e4ufig und kann sich mitunter noch \u00e4ndern.  Die Angaben erfolgen ohne Gew\u00e4hr auf Vollst\u00e4ndigkeit und Richtigkeit. <\/p>\n\n\n\n<h2 class=\"wp-block-heading\">Termine<\/h2>\n\n\n\n<pre class=\"wp-block-preformatted\"><div id=\"rotaract-appointments-0\" class=\"rotaract-appointments rotaract-appointments-normal\"><\/div><\/pre>\n","protected":false},"excerpt":{"rendered":"<p>Schnuppert einfach mal rein und erlebt es live! Wir treffen uns 2x im Monat und unternehmen die unterschiedlichsten Sachen, wie ihr ja sehen k\u00f6nnt. Jeder 1. Donnerstag abends um 19:00 Uhr Jeder 3. Freitag abends um 19:00 Uhr Wir treffen uns im Extrablatt in Wesel. Manchmal treffen wir uns auch woanders &#8211; zum Beispiel f\u00fcr &#8230; <a title=\"Programm\" class=\"read-more\" href=\"https:\/\/wesel-bocholt.rotaract.de\/?page_id=1137\" aria-label=\"Mehr Informationen \u00fcber Programm\">Weiterlesen<\/a><\/p>\n","protected":false},"author":173,"featured_media":0,"parent":0,"menu_order":0,"comment_status":"closed","ping_status":"closed","template":"","meta":{"footnotes":""},"class_list":["post-1137","page","type-page","status-publish"],"yoast_head":"<!-- This site is optimized with the Yoast SEO plugin v27.4 - https:\/\/yoast.com\/product\/yoast-seo-wordpress\/ -->\n<title>Programm - Rotaract Club Wesel-Bocholt<\/title>\n<meta name=\"robots\" content=\"index, follow, max-snippet:-1, max-image-preview:large, max-video-preview:-1\" \/>\n<link rel=\"canonical\" href=\"https:\/\/wesel-bocholt.rotaract.de\/?page_id=1137\" \/>\n<meta property=\"og:locale\" content=\"de_DE\" \/>\n<meta property=\"og:type\" content=\"article\" \/>\n<meta property=\"og:title\" content=\"Programm - Rotaract Club Wesel-Bocholt\" \/>\n<meta property=\"og:description\" content=\"Schnuppert einfach mal rein und erlebt es live! Wir treffen uns 2x im Monat und unternehmen die unterschiedlichsten Sachen, wie ihr ja sehen k\u00f6nnt. Jeder 1. Donnerstag abends um 19:00 Uhr Jeder 3. Freitag abends um 19:00 Uhr Wir treffen uns im Extrablatt in Wesel. Manchmal treffen wir uns auch woanders &#8211; zum Beispiel f\u00fcr ... Weiterlesen\" \/>\n<meta property=\"og:url\" content=\"https:\/\/wesel-bocholt.rotaract.de\/?page_id=1137\" \/>\n<meta property=\"og:site_name\" content=\"Rotaract Club Wesel-Bocholt\" \/>\n<meta property=\"article:modified_time\" content=\"2024-07-16T10:54:40+00:00\" \/>\n<meta property=\"og:image\" content=\"https:\/\/wesel-bocholt.rotaract.de\/wp-content\/uploads\/sites\/199\/2023\/02\/Meeting-Gruppenfoto-300x300.jpg\" \/>\n<meta name=\"twitter:card\" content=\"summary_large_image\" \/>\n<meta name=\"twitter:label1\" content=\"Gesch\u00e4tzte Lesezeit\" \/>\n\t<meta name=\"twitter:data1\" content=\"1\u00a0Minute\" \/>\n<script type=\"application\/ld+json\" class=\"yoast-schema-graph\">{\"@context\":\"https:\\\/\\\/schema.org\",\"@graph\":[{\"@type\":\"WebPage\",\"@id\":\"https:\\\/\\\/wesel-bocholt.rotaract.de\\\/?page_id=1137\",\"url\":\"https:\\\/\\\/wesel-bocholt.rotaract.de\\\/?page_id=1137\",\"name\":\"Programm - Rotaract Club Wesel-Bocholt\",\"isPartOf\":{\"@id\":\"https:\\\/\\\/wesel-bocholt.rotaract.de\\\/#website\"},\"primaryImageOfPage\":{\"@id\":\"https:\\\/\\\/wesel-bocholt.rotaract.de\\\/?page_id=1137#primaryimage\"},\"image\":{\"@id\":\"https:\\\/\\\/wesel-bocholt.rotaract.de\\\/?page_id=1137#primaryimage\"},\"thumbnailUrl\":\"https:\\\/\\\/wesel-bocholt.rotaract.de\\\/wp-content\\\/uploads\\\/sites\\\/199\\\/2023\\\/02\\\/Meeting-Gruppenfoto-300x300.jpg\",\"datePublished\":\"2024-06-20T10:37:31+00:00\",\"dateModified\":\"2024-07-16T10:54:40+00:00\",\"breadcrumb\":{\"@id\":\"https:\\\/\\\/wesel-bocholt.rotaract.de\\\/?page_id=1137#breadcrumb\"},\"inLanguage\":\"de\",\"potentialAction\":[{\"@type\":\"ReadAction\",\"target\":[\"https:\\\/\\\/wesel-bocholt.rotaract.de\\\/?page_id=1137\"]}]},{\"@type\":\"ImageObject\",\"inLanguage\":\"de\",\"@id\":\"https:\\\/\\\/wesel-bocholt.rotaract.de\\\/?page_id=1137#primaryimage\",\"url\":\"https:\\\/\\\/wesel-bocholt.rotaract.de\\\/wp-content\\\/uploads\\\/sites\\\/199\\\/2023\\\/02\\\/Meeting-Gruppenfoto.jpg\",\"contentUrl\":\"https:\\\/\\\/wesel-bocholt.rotaract.de\\\/wp-content\\\/uploads\\\/sites\\\/199\\\/2023\\\/02\\\/Meeting-Gruppenfoto.jpg\",\"width\":1440,\"height\":1440},{\"@type\":\"BreadcrumbList\",\"@id\":\"https:\\\/\\\/wesel-bocholt.rotaract.de\\\/?page_id=1137#breadcrumb\",\"itemListElement\":[{\"@type\":\"ListItem\",\"position\":1,\"name\":\"Startseite\",\"item\":\"https:\\\/\\\/wesel-bocholt.rotaract.de\\\/\"},{\"@type\":\"ListItem\",\"position\":2,\"name\":\"Programm\"}]},{\"@type\":\"WebSite\",\"@id\":\"https:\\\/\\\/wesel-bocholt.rotaract.de\\\/#website\",\"url\":\"https:\\\/\\\/wesel-bocholt.rotaract.de\\\/\",\"name\":\"Rotaract Club Wesel-Bocholt\",\"description\":\"Lernen-Helfen-Feiern\",\"potentialAction\":[{\"@type\":\"SearchAction\",\"target\":{\"@type\":\"EntryPoint\",\"urlTemplate\":\"https:\\\/\\\/wesel-bocholt.rotaract.de\\\/?s={search_term_string}\"},\"query-input\":{\"@type\":\"PropertyValueSpecification\",\"valueRequired\":true,\"valueName\":\"search_term_string\"}}],\"inLanguage\":\"de\"}]}<\/script>\n<!-- \/ Yoast SEO plugin. -->","yoast_head_json":{"title":"Programm - Rotaract Club Wesel-Bocholt","robots":{"index":"index","follow":"follow","max-snippet":"max-snippet:-1","max-image-preview":"max-image-preview:large","max-video-preview":"max-video-preview:-1"},"canonical":"https:\/\/wesel-bocholt.rotaract.de\/?page_id=1137","og_locale":"de_DE","og_type":"article","og_title":"Programm - Rotaract Club Wesel-Bocholt","og_description":"Schnuppert einfach mal rein und erlebt es live! Wir treffen uns 2x im Monat und unternehmen die unterschiedlichsten Sachen, wie ihr ja sehen k\u00f6nnt. Jeder 1. Donnerstag abends um 19:00 Uhr Jeder 3. Freitag abends um 19:00 Uhr Wir treffen uns im Extrablatt in Wesel. Manchmal treffen wir uns auch woanders &#8211; zum Beispiel f\u00fcr ... Weiterlesen","og_url":"https:\/\/wesel-bocholt.rotaract.de\/?page_id=1137","og_site_name":"Rotaract Club Wesel-Bocholt","article_modified_time":"2024-07-16T10:54:40+00:00","og_image":[{"url":"https:\/\/wesel-bocholt.rotaract.de\/wp-content\/uploads\/sites\/199\/2023\/02\/Meeting-Gruppenfoto-300x300.jpg","type":"","width":"","height":""}],"twitter_card":"summary_large_image","twitter_misc":{"Gesch\u00e4tzte Lesezeit":"1\u00a0Minute"},"schema":{"@context":"https:\/\/schema.org","@graph":[{"@type":"WebPage","@id":"https:\/\/wesel-bocholt.rotaract.de\/?page_id=1137","url":"https:\/\/wesel-bocholt.rotaract.de\/?page_id=1137","name":"Programm - Rotaract Club Wesel-Bocholt","isPartOf":{"@id":"https:\/\/wesel-bocholt.rotaract.de\/#website"},"primaryImageOfPage":{"@id":"https:\/\/wesel-bocholt.rotaract.de\/?page_id=1137#primaryimage"},"image":{"@id":"https:\/\/wesel-bocholt.rotaract.de\/?page_id=1137#primaryimage"},"thumbnailUrl":"https:\/\/wesel-bocholt.rotaract.de\/wp-content\/uploads\/sites\/199\/2023\/02\/Meeting-Gruppenfoto-300x300.jpg","datePublished":"2024-06-20T10:37:31+00:00","dateModified":"2024-07-16T10:54:40+00:00","breadcrumb":{"@id":"https:\/\/wesel-bocholt.rotaract.de\/?page_id=1137#breadcrumb"},"inLanguage":"de","potentialAction":[{"@type":"ReadAction","target":["https:\/\/wesel-bocholt.rotaract.de\/?page_id=1137"]}]},{"@type":"ImageObject","inLanguage":"de","@id":"https:\/\/wesel-bocholt.rotaract.de\/?page_id=1137#primaryimage","url":"https:\/\/wesel-bocholt.rotaract.de\/wp-content\/uploads\/sites\/199\/2023\/02\/Meeting-Gruppenfoto.jpg","contentUrl":"https:\/\/wesel-bocholt.rotaract.de\/wp-content\/uploads\/sites\/199\/2023\/02\/Meeting-Gruppenfoto.jpg","width":1440,"height":1440},{"@type":"BreadcrumbList","@id":"https:\/\/wesel-bocholt.rotaract.de\/?page_id=1137#breadcrumb","itemListElement":[{"@type":"ListItem","position":1,"name":"Startseite","item":"https:\/\/wesel-bocholt.rotaract.de\/"},{"@type":"ListItem","position":2,"name":"Programm"}]},{"@type":"WebSite","@id":"https:\/\/wesel-bocholt.rotaract.de\/#website","url":"https:\/\/wesel-bocholt.rotaract.de\/","name":"Rotaract Club Wesel-Bocholt","description":"Lernen-Helfen-Feiern","potentialAction":[{"@type":"SearchAction","target":{"@type":"EntryPoint","urlTemplate":"https:\/\/wesel-bocholt.rotaract.de\/?s={search_term_string}"},"query-input":{"@type":"PropertyValueSpecification","valueRequired":true,"valueName":"search_term_string"}}],"inLanguage":"de"}]}},"_links":{"self":[{"href":"https:\/\/wesel-bocholt.rotaract.de\/index.php?rest_route=\/wp\/v2\/pages\/1137","targetHints":{"allow":["GET"]}}],"collection":[{"href":"https:\/\/wesel-bocholt.rotaract.de\/index.php?rest_route=\/wp\/v2\/pages"}],"about":[{"href":"https:\/\/wesel-bocholt.rotaract.de\/index.php?rest_route=\/wp\/v2\/types\/page"}],"author":[{"embeddable":true,"href":"https:\/\/wesel-bocholt.rotaract.de\/index.php?rest_route=\/wp\/v2\/users\/173"}],"replies":[{"embeddable":true,"href":"https:\/\/wesel-bocholt.rotaract.de\/index.php?rest_route=%2Fwp%2Fv2%2Fcomments&post=1137"}],"version-history":[{"count":4,"href":"https:\/\/wesel-bocholt.rotaract.de\/index.php?rest_route=\/wp\/v2\/pages\/1137\/revisions"}],"predecessor-version":[{"id":1167,"href":"https:\/\/wesel-bocholt.rotaract.de\/index.php?rest_route=\/wp\/v2\/pages\/1137\/revisions\/1167"}],"wp:attachment":[{"href":"https:\/\/wesel-bocholt.rotaract.de\/index.php?rest_route=%2Fwp%2Fv2%2Fmedia&parent=1137"}],"curies":[{"name":"wp","href":"https:\/\/api.w.org\/{rel}","templated":true}]}}